{"id":4167,"date":"2023-11-27T23:49:15","date_gmt":"2023-11-27T23:49:15","guid":{"rendered":"https:\/\/larouteduthe.ca\/accueil\/?post_type=product&#038;p=4167"},"modified":"2023-11-28T00:51:01","modified_gmt":"2023-11-28T00:51:01","slug":"2-boites-a-offrir","status":"publish","type":"product","link":"https:\/\/larouteduthe.ca\/accueil\/produit\/2-boites-a-offrir\/","title":{"rendered":"2 bo\u00eetes \u00e0 offrir"},"content":{"rendered":"<p>Afin de que nous puissions vous inclure les m\u00e9langes que vous d\u00e9sirez dans votre paquet-cadeau, nous vous invitons \u00e0 sortir votre bloc-note et ou \u00e0 m\u00e9moriser les num\u00e9ros correspondants \u00e0 ceux-ci dans la liste suivante:<\/p>\n<p>1: Charlevoix: Arts et attraits<br \/>\n2: Chics Chocs: Reliefs \u00e0 couper le souffle<br \/>\n3. Kamouraska: Le fleuve et ses romances<br \/>\n4: L\u2019Acadie: Fait partie de l\u2019Histoire<br \/>\n5: Le Fjord: Colossal, majestueux<br \/>\n6: Les Cantons: Champs verdoyants<br \/>\n7: Les \u00celes: Sentiment de libert\u00e9<br \/>\n8: Manicouagan: L\u2019air frais de la C\u00f4te-Nord<br \/>\n9: Matap\u00e9dia: Vall\u00e9e et rivi\u00e8re<br \/>\n10: M\u00e9tis: Royaume de plantes et fleurs<br \/>\n11: Neigette: Haute voltige<br \/>\n12: T\u00e9miscouata: Terre de l\u2019\u00e9rable<br \/>\n13: Tremblant: Plaisirs des Laurentides<br \/>\n14: Wapizagonke: Racines en m\u00e9moire<br \/>\n15: L&rsquo;Amour Toujours L&rsquo;Amour<br \/>\n16: La joie des F\u00eates<\/p>\n<h6><strong>Il vous suffira\u00a0<span data-darkreader-inline-color=\"\">d\u2019ajouter votre s\u00e9lection dans la section commentaire<\/span>\u00a0lors de votre commande.<\/strong><\/h6>\n<p>Notez que si vous oubliez de le faire, vous pouvez nous la faire parvenir au <a href=\"https:\/\/web.archive.org\/web\/20180906095104\/mailto:larouteduthe@hotmail.com\">larouteduthe@hotmail.com<\/a>\u00a0en prenant bien soin d\u2019inclure votre num\u00e9ro de commande.<br \/>\n<strong><br \/>\nAutrement, nous vous ferons parvenir une s\u00e9lection al\u00e9atoire en prenant toujours soin d\u2019inclure, si possible, le m\u00e9lange de la r\u00e9gion vous correspondant.<br \/>\n<\/strong><\/p>\n<h3 class=\"h-large\" style=\"text-align: center;\"><strong>Bonne d\u00e9gustation !<\/strong><\/h3>\n","protected":false},"excerpt":{"rendered":"<h4><strong>\u00c0 la personne de votre choix<\/strong><\/h4>\n<p>&nbsp;<\/p>\n","protected":false},"featured_media":4161,"comment_status":"open","ping_status":"closed","template":"","meta":{"site-sidebar-layout":"default","site-content-layout":"","ast-site-content-layout":"default","site-content-style":"default","site-sidebar-style":"default","ast-global-header-display":"","ast-banner-title-visibility":"","ast-main-header-display":"","ast-hfb-above-header-display":"","ast-hfb-below-header-display":"","ast-hfb-mobile-header-display":"","site-post-title":"","ast-breadcrumbs-content":"","ast-featured-img":"","footer-sml-layout":"","ast-disable-related-posts":"","theme-transparent-header-meta":"default","adv-header-id-meta":"","stick-header-meta":"","header-above-stick-meta":"","header-main-stick-meta":"","header-below-stick-meta":"","astra-migrate-meta-layouts":"set","ast-page-background-enabled":"default","ast-page-background-meta":{"desktop":{"background-color":"","background-image":"","background-repeat":"repeat","background-position":"center center","background-size":"auto","background-attachment":"scroll","background-type":"","background-media":"","overlay-type":"","overlay-color":"","overlay-opacity":"","overlay-gradient":""},"tablet":{"background-color":"","background-image":"","background-repeat":"repeat","background-position":"center center","background-size":"auto","background-attachment":"scroll","background-type":"","background-media":"","overlay-type":"","overlay-color":"","overlay-opacity":"","overlay-gradient":""},"mobile":{"background-color":"","background-image":"","background-repeat":"repeat","background-position":"center center","background-size":"auto","background-attachment":"scroll","background-type":"","background-media":"","overlay-type":"","overlay-color":"","overlay-opacity":"","overlay-gradient":""}},"ast-content-background-meta":{"desktop":{"background-color":"var(--ast-global-color-5)","background-image":"","background-repeat":"repeat","background-position":"center center","background-size":"auto","background-attachment":"scroll","background-type":"","background-media":"","overlay-type":"","overlay-color":"","overlay-opacity":"","overlay-gradient":""},"tablet":{"background-color":"var(--ast-global-color-5)","background-image":"","background-repeat":"repeat","background-position":"center center","background-size":"auto","background-attachment":"scroll","background-type":"","background-media":"","overlay-type":"","overlay-color":"","overlay-opacity":"","overlay-gradient":""},"mobile":{"background-color":"var(--ast-global-color-5)","background-image":"","background-repeat":"repeat","background-position":"center center","background-size":"auto","background-attachment":"scroll","background-type":"","background-media":"","overlay-type":"","overlay-color":"","overlay-opacity":"","overlay-gradient":""}}},"product_brand":[],"product_cat":[25],"product_tag":[],"class_list":{"0":"post-4167","1":"product","2":"type-product","3":"status-publish","4":"has-post-thumbnail","6":"product_cat-section-cadeaux","7":"product_shipping_class-products","8":"desktop-align-center","9":"tablet-align-left","10":"mobile-align-left","12":"first","13":"instock","14":"shipping-taxable","15":"purchasable","16":"product-type-variable"},"yoast_head":"<!-- This site is optimized with the Yoast SEO plugin v27.5 - https:\/\/yoast.com\/product\/yoast-seo-wordpress\/ -->\n<title>2 bo\u00eetes \u00e0 offrir - La Route du Th\u00e9<\/title>\n<meta name=\"robots\" content=\"index, follow, max-snippet:-1, max-image-preview:large, max-video-preview:-1\" \/>\n<link rel=\"canonical\" href=\"https:\/\/larouteduthe.ca\/accueil\/produit\/2-boites-a-offrir\/\" \/>\n<meta property=\"og:locale\" content=\"fr_FR\" \/>\n<meta property=\"og:type\" content=\"article\" \/>\n<meta property=\"og:title\" content=\"2 bo\u00eetes \u00e0 offrir - La Route du Th\u00e9\" \/>\n<meta property=\"og:description\" content=\"\u00c0 la personne de votre choix &nbsp;\" \/>\n<meta property=\"og:url\" content=\"https:\/\/larouteduthe.ca\/accueil\/produit\/2-boites-a-offrir\/\" \/>\n<meta property=\"og:site_name\" content=\"La Route du Th\u00e9\" \/>\n<meta property=\"article:modified_time\" content=\"2023-11-28T00:51:01+00:00\" \/>\n<meta property=\"og:image\" content=\"https:\/\/larouteduthe.ca\/wp-content\/uploads\/2023\/11\/EMBRZ-04-1024x1024.jpg\" \/>\n\t<meta property=\"og:image:width\" content=\"1024\" \/>\n\t<meta property=\"og:image:height\" content=\"1024\" \/>\n\t<meta property=\"og:image:type\" content=\"image\/jpeg\" \/>\n<meta name=\"twitter:card\" content=\"summary_large_image\" \/>\n<meta name=\"twitter:label1\" content=\"Dur\u00e9e de lecture estim\u00e9e\" \/>\n\t<meta name=\"twitter:data1\" content=\"1 minute\" \/>\n<script type=\"application\/ld+json\" class=\"yoast-schema-graph\">{\"@context\":\"https:\\\/\\\/schema.org\",\"@graph\":[{\"@type\":\"WebPage\",\"@id\":\"https:\\\/\\\/larouteduthe.ca\\\/accueil\\\/produit\\\/2-boites-a-offrir\\\/\",\"url\":\"https:\\\/\\\/larouteduthe.ca\\\/accueil\\\/produit\\\/2-boites-a-offrir\\\/\",\"name\":\"2 bo\u00eetes \u00e0 offrir - La Route du Th\u00e9\",\"isPartOf\":{\"@id\":\"https:\\\/\\\/larouteduthe.ca\\\/accueil\\\/#website\"},\"primaryImageOfPage\":{\"@id\":\"https:\\\/\\\/larouteduthe.ca\\\/accueil\\\/produit\\\/2-boites-a-offrir\\\/#primaryimage\"},\"image\":{\"@id\":\"https:\\\/\\\/larouteduthe.ca\\\/accueil\\\/produit\\\/2-boites-a-offrir\\\/#primaryimage\"},\"thumbnailUrl\":\"https:\\\/\\\/larouteduthe.ca\\\/wp-content\\\/uploads\\\/2023\\\/11\\\/EMBRZ-04.jpg\",\"datePublished\":\"2023-11-27T23:49:15+00:00\",\"dateModified\":\"2023-11-28T00:51:01+00:00\",\"breadcrumb\":{\"@id\":\"https:\\\/\\\/larouteduthe.ca\\\/accueil\\\/produit\\\/2-boites-a-offrir\\\/#breadcrumb\"},\"inLanguage\":\"fr-FR\",\"potentialAction\":[{\"@type\":\"ReadAction\",\"target\":[\"https:\\\/\\\/larouteduthe.ca\\\/accueil\\\/produit\\\/2-boites-a-offrir\\\/\"]}]},{\"@type\":\"ImageObject\",\"inLanguage\":\"fr-FR\",\"@id\":\"https:\\\/\\\/larouteduthe.ca\\\/accueil\\\/produit\\\/2-boites-a-offrir\\\/#primaryimage\",\"url\":\"https:\\\/\\\/larouteduthe.ca\\\/wp-content\\\/uploads\\\/2023\\\/11\\\/EMBRZ-04.jpg\",\"contentUrl\":\"https:\\\/\\\/larouteduthe.ca\\\/wp-content\\\/uploads\\\/2023\\\/11\\\/EMBRZ-04.jpg\",\"width\":2048,\"height\":2048},{\"@type\":\"BreadcrumbList\",\"@id\":\"https:\\\/\\\/larouteduthe.ca\\\/accueil\\\/produit\\\/2-boites-a-offrir\\\/#breadcrumb\",\"itemListElement\":[{\"@type\":\"ListItem\",\"position\":1,\"name\":\"Accueil\",\"item\":\"https:\\\/\\\/larouteduthe.ca\\\/accueil\\\/\"},{\"@type\":\"ListItem\",\"position\":2,\"name\":\"Commande en ligne\",\"item\":\"https:\\\/\\\/larouteduthe.ca\\\/accueil\\\/commande-en-ligne\\\/\"},{\"@type\":\"ListItem\",\"position\":3,\"name\":\"2 bo\u00eetes \u00e0 offrir\"}]},{\"@type\":\"WebSite\",\"@id\":\"https:\\\/\\\/larouteduthe.ca\\\/accueil\\\/#website\",\"url\":\"https:\\\/\\\/larouteduthe.ca\\\/accueil\\\/\",\"name\":\"La Route du Th\u00e9\",\"description\":\"Boutique de Th\u00e9 en ligne\",\"publisher\":{\"@id\":\"https:\\\/\\\/larouteduthe.ca\\\/accueil\\\/#organization\"},\"potentialAction\":[{\"@type\":\"SearchAction\",\"target\":{\"@type\":\"EntryPoint\",\"urlTemplate\":\"https:\\\/\\\/larouteduthe.ca\\\/accueil\\\/?s={search_term_string}\"},\"query-input\":{\"@type\":\"PropertyValueSpecification\",\"valueRequired\":true,\"valueName\":\"search_term_string\"}}],\"inLanguage\":\"fr-FR\"},{\"@type\":\"Organization\",\"@id\":\"https:\\\/\\\/larouteduthe.ca\\\/accueil\\\/#organization\",\"name\":\"La Route du Th\u00e9\",\"url\":\"https:\\\/\\\/larouteduthe.ca\\\/accueil\\\/\",\"logo\":{\"@type\":\"ImageObject\",\"inLanguage\":\"fr-FR\",\"@id\":\"https:\\\/\\\/larouteduthe.ca\\\/accueil\\\/#\\\/schema\\\/logo\\\/image\\\/\",\"url\":\"https:\\\/\\\/larouteduthe.ca\\\/wp-content\\\/uploads\\\/2021\\\/02\\\/Signature-Site-scaled.jpg\",\"contentUrl\":\"https:\\\/\\\/larouteduthe.ca\\\/wp-content\\\/uploads\\\/2021\\\/02\\\/Signature-Site-scaled.jpg\",\"width\":2560,\"height\":316,\"caption\":\"La Route du Th\u00e9\"},\"image\":{\"@id\":\"https:\\\/\\\/larouteduthe.ca\\\/accueil\\\/#\\\/schema\\\/logo\\\/image\\\/\"},\"sameAs\":[\"https:\\\/\\\/www.instagram.com\\\/la_route_du_the\\\/\"]}]}<\/script>\n<!-- \/ Yoast SEO plugin. -->","yoast_head_json":{"title":"2 bo\u00eetes \u00e0 offrir - La Route du Th\u00e9","robots":{"index":"index","follow":"follow","max-snippet":"max-snippet:-1","max-image-preview":"max-image-preview:large","max-video-preview":"max-video-preview:-1"},"canonical":"https:\/\/larouteduthe.ca\/accueil\/produit\/2-boites-a-offrir\/","og_locale":"fr_FR","og_type":"article","og_title":"2 bo\u00eetes \u00e0 offrir - La Route du Th\u00e9","og_description":"\u00c0 la personne de votre choix &nbsp;","og_url":"https:\/\/larouteduthe.ca\/accueil\/produit\/2-boites-a-offrir\/","og_site_name":"La Route du Th\u00e9","article_modified_time":"2023-11-28T00:51:01+00:00","og_image":[{"width":1024,"height":1024,"url":"https:\/\/larouteduthe.ca\/wp-content\/uploads\/2023\/11\/EMBRZ-04-1024x1024.jpg","type":"image\/jpeg"}],"twitter_card":"summary_large_image","twitter_misc":{"Dur\u00e9e de lecture estim\u00e9e":"1 minute"},"schema":{"@context":"https:\/\/schema.org","@graph":[{"@type":"WebPage","@id":"https:\/\/larouteduthe.ca\/accueil\/produit\/2-boites-a-offrir\/","url":"https:\/\/larouteduthe.ca\/accueil\/produit\/2-boites-a-offrir\/","name":"2 bo\u00eetes \u00e0 offrir - La Route du Th\u00e9","isPartOf":{"@id":"https:\/\/larouteduthe.ca\/accueil\/#website"},"primaryImageOfPage":{"@id":"https:\/\/larouteduthe.ca\/accueil\/produit\/2-boites-a-offrir\/#primaryimage"},"image":{"@id":"https:\/\/larouteduthe.ca\/accueil\/produit\/2-boites-a-offrir\/#primaryimage"},"thumbnailUrl":"https:\/\/larouteduthe.ca\/wp-content\/uploads\/2023\/11\/EMBRZ-04.jpg","datePublished":"2023-11-27T23:49:15+00:00","dateModified":"2023-11-28T00:51:01+00:00","breadcrumb":{"@id":"https:\/\/larouteduthe.ca\/accueil\/produit\/2-boites-a-offrir\/#breadcrumb"},"inLanguage":"fr-FR","potentialAction":[{"@type":"ReadAction","target":["https:\/\/larouteduthe.ca\/accueil\/produit\/2-boites-a-offrir\/"]}]},{"@type":"ImageObject","inLanguage":"fr-FR","@id":"https:\/\/larouteduthe.ca\/accueil\/produit\/2-boites-a-offrir\/#primaryimage","url":"https:\/\/larouteduthe.ca\/wp-content\/uploads\/2023\/11\/EMBRZ-04.jpg","contentUrl":"https:\/\/larouteduthe.ca\/wp-content\/uploads\/2023\/11\/EMBRZ-04.jpg","width":2048,"height":2048},{"@type":"BreadcrumbList","@id":"https:\/\/larouteduthe.ca\/accueil\/produit\/2-boites-a-offrir\/#breadcrumb","itemListElement":[{"@type":"ListItem","position":1,"name":"Accueil","item":"https:\/\/larouteduthe.ca\/accueil\/"},{"@type":"ListItem","position":2,"name":"Commande en ligne","item":"https:\/\/larouteduthe.ca\/accueil\/commande-en-ligne\/"},{"@type":"ListItem","position":3,"name":"2 bo\u00eetes \u00e0 offrir"}]},{"@type":"WebSite","@id":"https:\/\/larouteduthe.ca\/accueil\/#website","url":"https:\/\/larouteduthe.ca\/accueil\/","name":"La Route du Th\u00e9","description":"Boutique de Th\u00e9 en ligne","publisher":{"@id":"https:\/\/larouteduthe.ca\/accueil\/#organization"},"potentialAction":[{"@type":"SearchAction","target":{"@type":"EntryPoint","urlTemplate":"https:\/\/larouteduthe.ca\/accueil\/?s={search_term_string}"},"query-input":{"@type":"PropertyValueSpecification","valueRequired":true,"valueName":"search_term_string"}}],"inLanguage":"fr-FR"},{"@type":"Organization","@id":"https:\/\/larouteduthe.ca\/accueil\/#organization","name":"La Route du Th\u00e9","url":"https:\/\/larouteduthe.ca\/accueil\/","logo":{"@type":"ImageObject","inLanguage":"fr-FR","@id":"https:\/\/larouteduthe.ca\/accueil\/#\/schema\/logo\/image\/","url":"https:\/\/larouteduthe.ca\/wp-content\/uploads\/2021\/02\/Signature-Site-scaled.jpg","contentUrl":"https:\/\/larouteduthe.ca\/wp-content\/uploads\/2021\/02\/Signature-Site-scaled.jpg","width":2560,"height":316,"caption":"La Route du Th\u00e9"},"image":{"@id":"https:\/\/larouteduthe.ca\/accueil\/#\/schema\/logo\/image\/"},"sameAs":["https:\/\/www.instagram.com\/la_route_du_the\/"]}]}},"_links":{"self":[{"href":"https:\/\/larouteduthe.ca\/accueil\/wp-json\/wp\/v2\/product\/4167","targetHints":{"allow":["GET"]}}],"collection":[{"href":"https:\/\/larouteduthe.ca\/accueil\/wp-json\/wp\/v2\/product"}],"about":[{"href":"https:\/\/larouteduthe.ca\/accueil\/wp-json\/wp\/v2\/types\/product"}],"replies":[{"embeddable":true,"href":"https:\/\/larouteduthe.ca\/accueil\/wp-json\/wp\/v2\/comments?post=4167"}],"wp:featuredmedia":[{"embeddable":true,"href":"https:\/\/larouteduthe.ca\/accueil\/wp-json\/wp\/v2\/media\/4161"}],"wp:attachment":[{"href":"https:\/\/larouteduthe.ca\/accueil\/wp-json\/wp\/v2\/media?parent=4167"}],"wp:term":[{"taxonomy":"product_brand","embeddable":true,"href":"https:\/\/larouteduthe.ca\/accueil\/wp-json\/wp\/v2\/product_brand?post=4167"},{"taxonomy":"product_cat","embeddable":true,"href":"https:\/\/larouteduthe.ca\/accueil\/wp-json\/wp\/v2\/product_cat?post=4167"},{"taxonomy":"product_tag","embeddable":true,"href":"https:\/\/larouteduthe.ca\/accueil\/wp-json\/wp\/v2\/product_tag?post=4167"}],"curies":[{"name":"wp","href":"https:\/\/api.w.org\/{rel}","templated":true}]}}