{"id":1045,"date":"2021-02-06T20:55:10","date_gmt":"2021-02-06T20:55:10","guid":{"rendered":"https:\/\/larouteduthe.ca\/accueil\/?post_type=product&#038;p=1045"},"modified":"2024-08-10T09:16:30","modified_gmt":"2024-08-10T09:16:30","slug":"lapsang-souchong","status":"publish","type":"product","link":"https:\/\/larouteduthe.ca\/accueil\/produit\/lapsang-souchong\/","title":{"rendered":"Lapsang Souchong"},"content":{"rendered":"<p>Le Lapsang Souchong est un th\u00e9 de Chine appr\u00e9ci\u00e9 par les connaisseurs.  Son ar\u00f4me fum\u00e9 est produit par une fermentation sous feu de ch\u00eane.  Beaucoup de personnes l\u2019utilisent dans leur recette de gravlax ou pour leur saumon fum\u00e9.<\/p>\n<p>Th\u00e9 (s) de: Chine <\/p>\n<p>Niveau antioxydant: \u00e9lev\u00e9 Teneur en caf\u00e9ine: moyenne   <\/p>\n","protected":false},"excerpt":{"rendered":"<p>Le Lapsang Souchong est un th\u00e9 de Chine appr\u00e9ci\u00e9 par les connaisseurs. Son ar\u00f4me fum\u00e9 est produit par une fermentation sous feu de ch\u00eane. Beaucoup de personnes l\u2019utilisent dans leur recette de gravlax ou pour leur saumon fum\u00e9. Th\u00e9 (s) de: Chine Niveau antioxydant: \u00e9lev\u00e9 Teneur en caf\u00e9ine: moyenne<\/p>\n","protected":false},"featured_media":1525,"comment_status":"open","ping_status":"closed","template":"","meta":{"site-sidebar-layout":"default","site-content-layout":"default","ast-site-content-layout":"default","site-content-style":"default","site-sidebar-style":"default","ast-global-header-display":"","ast-banner-title-visibility":"","ast-main-header-display":"","ast-hfb-above-header-display":"","ast-hfb-below-header-display":"","ast-hfb-mobile-header-display":"","site-post-title":"","ast-breadcrumbs-content":"","ast-featured-img":"","footer-sml-layout":"","ast-disable-related-posts":"","theme-transparent-header-meta":"default","adv-header-id-meta":"","stick-header-meta":"","header-above-stick-meta":"","header-main-stick-meta":"","header-below-stick-meta":"","astra-migrate-meta-layouts":"default","ast-page-background-enabled":"default","ast-page-background-meta":{"desktop":{"background-color":"","background-image":"","background-repeat":"repeat","background-position":"center center","background-size":"auto","background-attachment":"scroll","background-type":"","background-media":"","overlay-type":"","overlay-color":"","overlay-opacity":"","overlay-gradient":""},"tablet":{"background-color":"","background-image":"","background-repeat":"repeat","background-position":"center center","background-size":"auto","background-attachment":"scroll","background-type":"","background-media":"","overlay-type":"","overlay-color":"","overlay-opacity":"","overlay-gradient":""},"mobile":{"background-color":"","background-image":"","background-repeat":"repeat","background-position":"center center","background-size":"auto","background-attachment":"scroll","background-type":"","background-media":"","overlay-type":"","overlay-color":"","overlay-opacity":"","overlay-gradient":""}},"ast-content-background-meta":{"desktop":{"background-color":"var(--ast-global-color-5)","background-image":"","background-repeat":"repeat","background-position":"center center","background-size":"auto","background-attachment":"scroll","background-type":"","background-media":"","overlay-type":"","overlay-color":"","overlay-opacity":"","overlay-gradient":""},"tablet":{"background-color":"var(--ast-global-color-5)","background-image":"","background-repeat":"repeat","background-position":"center center","background-size":"auto","background-attachment":"scroll","background-type":"","background-media":"","overlay-type":"","overlay-color":"","overlay-opacity":"","overlay-gradient":""},"mobile":{"background-color":"var(--ast-global-color-5)","background-image":"","background-repeat":"repeat","background-position":"center center","background-size":"auto","background-attachment":"scroll","background-type":"","background-media":"","overlay-type":"","overlay-color":"","overlay-opacity":"","overlay-gradient":""}}},"product_brand":[],"product_cat":[28,42],"product_tag":[],"class_list":{"0":"post-1045","1":"product","2":"type-product","3":"status-publish","4":"has-post-thumbnail","6":"product_cat-the-noir","7":"product_cat-selection_d-infusions","8":"product_shipping_class-products","9":"desktop-align-center","10":"tablet-align-left","11":"mobile-align-left","13":"first","14":"instock","15":"shipping-taxable","16":"purchasable","17":"product-type-variable"},"yoast_head":"<!-- This site is optimized with the Yoast SEO plugin v27.5 - https:\/\/yoast.com\/product\/yoast-seo-wordpress\/ -->\n<title>Lapsang Souchong - La Route du Th\u00e9<\/title>\n<meta name=\"robots\" content=\"index, follow, max-snippet:-1, max-image-preview:large, max-video-preview:-1\" \/>\n<link rel=\"canonical\" href=\"https:\/\/larouteduthe.ca\/accueil\/produit\/lapsang-souchong\/\" \/>\n<meta property=\"og:locale\" content=\"fr_FR\" \/>\n<meta property=\"og:type\" content=\"article\" \/>\n<meta property=\"og:title\" content=\"Lapsang Souchong - La Route du Th\u00e9\" \/>\n<meta property=\"og:description\" content=\"Le Lapsang Souchong est un th\u00e9 de Chine appr\u00e9ci\u00e9 par les connaisseurs. Son ar\u00f4me fum\u00e9 est produit par une fermentation sous feu de ch\u00eane. Beaucoup de personnes l\u2019utilisent dans leur recette de gravlax ou pour leur saumon fum\u00e9. Th\u00e9 (s) de: Chine Niveau antioxydant: \u00e9lev\u00e9 Teneur en caf\u00e9ine: moyenne\" \/>\n<meta property=\"og:url\" content=\"https:\/\/larouteduthe.ca\/accueil\/produit\/lapsang-souchong\/\" \/>\n<meta property=\"og:site_name\" content=\"La Route du Th\u00e9\" \/>\n<meta property=\"article:modified_time\" content=\"2024-08-10T09:16:30+00:00\" \/>\n<meta property=\"og:image\" content=\"https:\/\/larouteduthe.ca\/wp-content\/uploads\/2021\/02\/CHINA-BLACK_LAPSANG-SOUCHONG-BUTTERFLY-1_ABCB-____-513llt01.jpg\" \/>\n\t<meta property=\"og:image:width\" content=\"2048\" \/>\n\t<meta property=\"og:image:height\" content=\"2048\" \/>\n\t<meta property=\"og:image:type\" content=\"image\/jpeg\" \/>\n<meta name=\"twitter:card\" content=\"summary_large_image\" \/>\n<script type=\"application\/ld+json\" class=\"yoast-schema-graph\">{\"@context\":\"https:\\\/\\\/schema.org\",\"@graph\":[{\"@type\":\"WebPage\",\"@id\":\"https:\\\/\\\/larouteduthe.ca\\\/accueil\\\/produit\\\/lapsang-souchong\\\/\",\"url\":\"https:\\\/\\\/larouteduthe.ca\\\/accueil\\\/produit\\\/lapsang-souchong\\\/\",\"name\":\"Lapsang Souchong - La Route du Th\u00e9\",\"isPartOf\":{\"@id\":\"https:\\\/\\\/larouteduthe.ca\\\/accueil\\\/#website\"},\"primaryImageOfPage\":{\"@id\":\"https:\\\/\\\/larouteduthe.ca\\\/accueil\\\/produit\\\/lapsang-souchong\\\/#primaryimage\"},\"image\":{\"@id\":\"https:\\\/\\\/larouteduthe.ca\\\/accueil\\\/produit\\\/lapsang-souchong\\\/#primaryimage\"},\"thumbnailUrl\":\"https:\\\/\\\/larouteduthe.ca\\\/wp-content\\\/uploads\\\/2021\\\/02\\\/CHINA-BLACK_LAPSANG-SOUCHONG-BUTTERFLY-1_ABCB-____-513llt01.jpg\",\"datePublished\":\"2021-02-06T20:55:10+00:00\",\"dateModified\":\"2024-08-10T09:16:30+00:00\",\"breadcrumb\":{\"@id\":\"https:\\\/\\\/larouteduthe.ca\\\/accueil\\\/produit\\\/lapsang-souchong\\\/#breadcrumb\"},\"inLanguage\":\"fr-FR\",\"potentialAction\":[{\"@type\":\"ReadAction\",\"target\":[\"https:\\\/\\\/larouteduthe.ca\\\/accueil\\\/produit\\\/lapsang-souchong\\\/\"]}]},{\"@type\":\"ImageObject\",\"inLanguage\":\"fr-FR\",\"@id\":\"https:\\\/\\\/larouteduthe.ca\\\/accueil\\\/produit\\\/lapsang-souchong\\\/#primaryimage\",\"url\":\"https:\\\/\\\/larouteduthe.ca\\\/wp-content\\\/uploads\\\/2021\\\/02\\\/CHINA-BLACK_LAPSANG-SOUCHONG-BUTTERFLY-1_ABCB-____-513llt01.jpg\",\"contentUrl\":\"https:\\\/\\\/larouteduthe.ca\\\/wp-content\\\/uploads\\\/2021\\\/02\\\/CHINA-BLACK_LAPSANG-SOUCHONG-BUTTERFLY-1_ABCB-____-513llt01.jpg\",\"width\":2048,\"height\":2048},{\"@type\":\"BreadcrumbList\",\"@id\":\"https:\\\/\\\/larouteduthe.ca\\\/accueil\\\/produit\\\/lapsang-souchong\\\/#breadcrumb\",\"itemListElement\":[{\"@type\":\"ListItem\",\"position\":1,\"name\":\"Accueil\",\"item\":\"https:\\\/\\\/larouteduthe.ca\\\/accueil\\\/\"},{\"@type\":\"ListItem\",\"position\":2,\"name\":\"Commande en ligne\",\"item\":\"https:\\\/\\\/larouteduthe.ca\\\/accueil\\\/commande-en-ligne\\\/\"},{\"@type\":\"ListItem\",\"position\":3,\"name\":\"Lapsang Souchong\"}]},{\"@type\":\"WebSite\",\"@id\":\"https:\\\/\\\/larouteduthe.ca\\\/accueil\\\/#website\",\"url\":\"https:\\\/\\\/larouteduthe.ca\\\/accueil\\\/\",\"name\":\"La Route du Th\u00e9\",\"description\":\"Boutique de Th\u00e9 en ligne\",\"publisher\":{\"@id\":\"https:\\\/\\\/larouteduthe.ca\\\/accueil\\\/#organization\"},\"potentialAction\":[{\"@type\":\"SearchAction\",\"target\":{\"@type\":\"EntryPoint\",\"urlTemplate\":\"https:\\\/\\\/larouteduthe.ca\\\/accueil\\\/?s={search_term_string}\"},\"query-input\":{\"@type\":\"PropertyValueSpecification\",\"valueRequired\":true,\"valueName\":\"search_term_string\"}}],\"inLanguage\":\"fr-FR\"},{\"@type\":\"Organization\",\"@id\":\"https:\\\/\\\/larouteduthe.ca\\\/accueil\\\/#organization\",\"name\":\"La Route du Th\u00e9\",\"url\":\"https:\\\/\\\/larouteduthe.ca\\\/accueil\\\/\",\"logo\":{\"@type\":\"ImageObject\",\"inLanguage\":\"fr-FR\",\"@id\":\"https:\\\/\\\/larouteduthe.ca\\\/accueil\\\/#\\\/schema\\\/logo\\\/image\\\/\",\"url\":\"https:\\\/\\\/larouteduthe.ca\\\/wp-content\\\/uploads\\\/2021\\\/02\\\/Signature-Site-scaled.jpg\",\"contentUrl\":\"https:\\\/\\\/larouteduthe.ca\\\/wp-content\\\/uploads\\\/2021\\\/02\\\/Signature-Site-scaled.jpg\",\"width\":2560,\"height\":316,\"caption\":\"La Route du Th\u00e9\"},\"image\":{\"@id\":\"https:\\\/\\\/larouteduthe.ca\\\/accueil\\\/#\\\/schema\\\/logo\\\/image\\\/\"},\"sameAs\":[\"https:\\\/\\\/www.instagram.com\\\/la_route_du_the\\\/\"]}]}<\/script>\n<!-- \/ Yoast SEO plugin. -->","yoast_head_json":{"title":"Lapsang Souchong - La Route du Th\u00e9","robots":{"index":"index","follow":"follow","max-snippet":"max-snippet:-1","max-image-preview":"max-image-preview:large","max-video-preview":"max-video-preview:-1"},"canonical":"https:\/\/larouteduthe.ca\/accueil\/produit\/lapsang-souchong\/","og_locale":"fr_FR","og_type":"article","og_title":"Lapsang Souchong - La Route du Th\u00e9","og_description":"Le Lapsang Souchong est un th\u00e9 de Chine appr\u00e9ci\u00e9 par les connaisseurs. Son ar\u00f4me fum\u00e9 est produit par une fermentation sous feu de ch\u00eane. Beaucoup de personnes l\u2019utilisent dans leur recette de gravlax ou pour leur saumon fum\u00e9. Th\u00e9 (s) de: Chine Niveau antioxydant: \u00e9lev\u00e9 Teneur en caf\u00e9ine: moyenne","og_url":"https:\/\/larouteduthe.ca\/accueil\/produit\/lapsang-souchong\/","og_site_name":"La Route du Th\u00e9","article_modified_time":"2024-08-10T09:16:30+00:00","og_image":[{"width":2048,"height":2048,"url":"https:\/\/larouteduthe.ca\/wp-content\/uploads\/2021\/02\/CHINA-BLACK_LAPSANG-SOUCHONG-BUTTERFLY-1_ABCB-____-513llt01.jpg","type":"image\/jpeg"}],"twitter_card":"summary_large_image","schema":{"@context":"https:\/\/schema.org","@graph":[{"@type":"WebPage","@id":"https:\/\/larouteduthe.ca\/accueil\/produit\/lapsang-souchong\/","url":"https:\/\/larouteduthe.ca\/accueil\/produit\/lapsang-souchong\/","name":"Lapsang Souchong - La Route du Th\u00e9","isPartOf":{"@id":"https:\/\/larouteduthe.ca\/accueil\/#website"},"primaryImageOfPage":{"@id":"https:\/\/larouteduthe.ca\/accueil\/produit\/lapsang-souchong\/#primaryimage"},"image":{"@id":"https:\/\/larouteduthe.ca\/accueil\/produit\/lapsang-souchong\/#primaryimage"},"thumbnailUrl":"https:\/\/larouteduthe.ca\/wp-content\/uploads\/2021\/02\/CHINA-BLACK_LAPSANG-SOUCHONG-BUTTERFLY-1_ABCB-____-513llt01.jpg","datePublished":"2021-02-06T20:55:10+00:00","dateModified":"2024-08-10T09:16:30+00:00","breadcrumb":{"@id":"https:\/\/larouteduthe.ca\/accueil\/produit\/lapsang-souchong\/#breadcrumb"},"inLanguage":"fr-FR","potentialAction":[{"@type":"ReadAction","target":["https:\/\/larouteduthe.ca\/accueil\/produit\/lapsang-souchong\/"]}]},{"@type":"ImageObject","inLanguage":"fr-FR","@id":"https:\/\/larouteduthe.ca\/accueil\/produit\/lapsang-souchong\/#primaryimage","url":"https:\/\/larouteduthe.ca\/wp-content\/uploads\/2021\/02\/CHINA-BLACK_LAPSANG-SOUCHONG-BUTTERFLY-1_ABCB-____-513llt01.jpg","contentUrl":"https:\/\/larouteduthe.ca\/wp-content\/uploads\/2021\/02\/CHINA-BLACK_LAPSANG-SOUCHONG-BUTTERFLY-1_ABCB-____-513llt01.jpg","width":2048,"height":2048},{"@type":"BreadcrumbList","@id":"https:\/\/larouteduthe.ca\/accueil\/produit\/lapsang-souchong\/#breadcrumb","itemListElement":[{"@type":"ListItem","position":1,"name":"Accueil","item":"https:\/\/larouteduthe.ca\/accueil\/"},{"@type":"ListItem","position":2,"name":"Commande en ligne","item":"https:\/\/larouteduthe.ca\/accueil\/commande-en-ligne\/"},{"@type":"ListItem","position":3,"name":"Lapsang Souchong"}]},{"@type":"WebSite","@id":"https:\/\/larouteduthe.ca\/accueil\/#website","url":"https:\/\/larouteduthe.ca\/accueil\/","name":"La Route du Th\u00e9","description":"Boutique de Th\u00e9 en ligne","publisher":{"@id":"https:\/\/larouteduthe.ca\/accueil\/#organization"},"potentialAction":[{"@type":"SearchAction","target":{"@type":"EntryPoint","urlTemplate":"https:\/\/larouteduthe.ca\/accueil\/?s={search_term_string}"},"query-input":{"@type":"PropertyValueSpecification","valueRequired":true,"valueName":"search_term_string"}}],"inLanguage":"fr-FR"},{"@type":"Organization","@id":"https:\/\/larouteduthe.ca\/accueil\/#organization","name":"La Route du Th\u00e9","url":"https:\/\/larouteduthe.ca\/accueil\/","logo":{"@type":"ImageObject","inLanguage":"fr-FR","@id":"https:\/\/larouteduthe.ca\/accueil\/#\/schema\/logo\/image\/","url":"https:\/\/larouteduthe.ca\/wp-content\/uploads\/2021\/02\/Signature-Site-scaled.jpg","contentUrl":"https:\/\/larouteduthe.ca\/wp-content\/uploads\/2021\/02\/Signature-Site-scaled.jpg","width":2560,"height":316,"caption":"La Route du Th\u00e9"},"image":{"@id":"https:\/\/larouteduthe.ca\/accueil\/#\/schema\/logo\/image\/"},"sameAs":["https:\/\/www.instagram.com\/la_route_du_the\/"]}]}},"_links":{"self":[{"href":"https:\/\/larouteduthe.ca\/accueil\/wp-json\/wp\/v2\/product\/1045","targetHints":{"allow":["GET"]}}],"collection":[{"href":"https:\/\/larouteduthe.ca\/accueil\/wp-json\/wp\/v2\/product"}],"about":[{"href":"https:\/\/larouteduthe.ca\/accueil\/wp-json\/wp\/v2\/types\/product"}],"replies":[{"embeddable":true,"href":"https:\/\/larouteduthe.ca\/accueil\/wp-json\/wp\/v2\/comments?post=1045"}],"wp:featuredmedia":[{"embeddable":true,"href":"https:\/\/larouteduthe.ca\/accueil\/wp-json\/wp\/v2\/media\/1525"}],"wp:attachment":[{"href":"https:\/\/larouteduthe.ca\/accueil\/wp-json\/wp\/v2\/media?parent=1045"}],"wp:term":[{"taxonomy":"product_brand","embeddable":true,"href":"https:\/\/larouteduthe.ca\/accueil\/wp-json\/wp\/v2\/product_brand?post=1045"},{"taxonomy":"product_cat","embeddable":true,"href":"https:\/\/larouteduthe.ca\/accueil\/wp-json\/wp\/v2\/product_cat?post=1045"},{"taxonomy":"product_tag","embeddable":true,"href":"https:\/\/larouteduthe.ca\/accueil\/wp-json\/wp\/v2\/product_tag?post=1045"}],"curies":[{"name":"wp","href":"https:\/\/api.w.org\/{rel}","templated":true}]}}