{"id":700,"date":"2020-11-29T17:30:31","date_gmt":"2020-11-29T17:30:31","guid":{"rendered":"https:\/\/larouteduthe.ca\/accueil\/?page_id=700"},"modified":"2021-02-17T16:12:17","modified_gmt":"2021-02-17T16:12:17","slug":"nos-politiques","status":"publish","type":"page","link":"https:\/\/larouteduthe.ca\/accueil\/nos-politiques\/","title":{"rendered":"Nos Politiques"},"content":{"rendered":"\n<h5 class=\"wp-block-heading\"><strong>Politique de confidentialit\u00e9 :<\/strong><\/h5>\n\n\n\n<p>Nous nous engageons \u00e0 prot\u00e9ger les renseignements personnels de notre client\u00e8le et \u00e0 en assurer la confidentialit\u00e9. En aucun cas, les informations priv\u00e9es, tels que nom, adresse et num\u00e9ro de t\u00e9l\u00e9phone, ne seront divulgu\u00e9es. Elles serviront uniquement \u00e0 effectuer et confirmer les commandes.<\/p>\n\n\n\n<div style=\"height:28px\" aria-hidden=\"true\" class=\"wp-block-spacer\"><\/div>\n\n\n\n<h5 class=\"wp-block-heading\"><strong>Prix :<\/strong><\/h5>\n\n\n\n<p>Les prix affich\u00e9s sont en dollars canadiens. Les frais d\u2019exp\u00e9dition seront calcul\u00e9s lorsque nous traiterons votre commande et les taxes reli\u00e9es seront affich\u00e9es sur la facture finale que nous vous acheminerons par courriel.<\/p>\n\n\n\n<div style=\"height:28px\" aria-hidden=\"true\" class=\"wp-block-spacer\"><\/div>\n\n\n\n<h5 class=\"wp-block-heading\"><strong>Mode de paiement :<\/strong><\/h5>\n\n\n\n<p>Il y a deux modes de paiements disponibles pour r\u00e9gler votre facture: via le transfert bancaire direct ou via la plateforme paypal. Nous tenons \u00e0 vous garantir la s\u00e9curit\u00e9 de vos informations et c&rsquo;est pourquoi nous utilisons l&rsquo;encryption SSL afin de prot\u00e9ger vos donn\u00e9es.  Si vous avez choisi le transfert direct, vous devrez nous faire parvenir la r\u00e9ponse \u00e0 votre question secr\u00e8te par courriel \u00e0 <a href=\"mailto:larouteduthe@hotmail.com\">larouteduthe@hotmail.com<\/a> afin de nous permettre de compl\u00e9ter la transaction et de vous acheminer votre commande.<\/p>\n\n\n\n<div style=\"height:27px\" aria-hidden=\"true\" class=\"wp-block-spacer\"><\/div>\n\n\n\n<p>Veuillez noter que dans l\u2019\u00e9ventualit\u00e9 o\u00f9 vous n\u2019auriez pas re\u00e7u de suivi de notre part dans les 24 \u00e0 48 heures, il est possible que celui-ci se retrouve dans la section \u201cCourriers ind\u00e9sirables\u201d de votre bo\u00eete de courriel.&nbsp;<\/p>\n\n\n\n<div style=\"height:28px\" aria-hidden=\"true\" class=\"wp-block-spacer\"><\/div>\n\n\n\n<h5 class=\"wp-block-heading\"><strong>Service \u00e0 la client\u00e8le :<\/strong><\/h5>\n\n\n\n<p>Pour toute demande d\u2019information additionnelle, il vous suffit de communiquer par courriel avec le service \u00e0 la client\u00e8le \u00e0 l\u2019adresse suivante : <a href=\"mailto:larouteduthe@hotmail.com\">larouteduthe@hotmail.com<\/a> ou par t\u00e9l\u00e9phone au 1-418-723-4789.<\/p>\n","protected":false},"excerpt":{"rendered":"<p>Politique de confidentialit\u00e9 : Nous nous engageons \u00e0 prot\u00e9ger les renseignements personnels de notre client\u00e8le et \u00e0 en assurer la confidentialit\u00e9. En aucun cas, les informations priv\u00e9es, tels que nom, adresse et num\u00e9ro de t\u00e9l\u00e9phone, ne seront divulgu\u00e9es. Elles serviront uniquement \u00e0 effectuer et confirmer les commandes. Prix : Les prix affich\u00e9s sont en dollars [&hellip;]<\/p>\n","protected":false},"author":1,"featured_media":0,"parent":0,"menu_order":0,"comment_status":"closed","ping_status":"closed","template":"","meta":{"site-sidebar-layout":"default","site-content-layout":"default","ast-site-content-layout":"default","site-content-style":"default","site-sidebar-style":"default","ast-global-header-display":"","ast-banner-title-visibility":"","ast-main-header-display":"","ast-hfb-above-header-display":"","ast-hfb-below-header-display":"","ast-hfb-mobile-header-display":"","site-post-title":"","ast-breadcrumbs-content":"","ast-featured-img":"","footer-sml-layout":"","ast-disable-related-posts":"","theme-transparent-header-meta":"default","adv-header-id-meta":"","stick-header-meta":"","header-above-stick-meta":"","header-main-stick-meta":"","header-below-stick-meta":"","astra-migrate-meta-layouts":"default","ast-page-background-enabled":"default","ast-page-background-meta":{"desktop":{"background-color":"","background-image":"","background-repeat":"repeat","background-position":"center center","background-size":"auto","background-attachment":"scroll","background-type":"","background-media":"","overlay-type":"","overlay-color":"","overlay-opacity":"","overlay-gradient":""},"tablet":{"background-color":"","background-image":"","background-repeat":"repeat","background-position":"center center","background-size":"auto","background-attachment":"scroll","background-type":"","background-media":"","overlay-type":"","overlay-color":"","overlay-opacity":"","overlay-gradient":""},"mobile":{"background-color":"","background-image":"","background-repeat":"repeat","background-position":"center center","background-size":"auto","background-attachment":"scroll","background-type":"","background-media":"","overlay-type":"","overlay-color":"","overlay-opacity":"","overlay-gradient":""}},"ast-content-background-meta":{"desktop":{"background-color":"var(--ast-global-color-5)","background-image":"","background-repeat":"repeat","background-position":"center center","background-size":"auto","background-attachment":"scroll","background-type":"","background-media":"","overlay-type":"","overlay-color":"","overlay-opacity":"","overlay-gradient":""},"tablet":{"background-color":"var(--ast-global-color-5)","background-image":"","background-repeat":"repeat","background-position":"center center","background-size":"auto","background-attachment":"scroll","background-type":"","background-media":"","overlay-type":"","overlay-color":"","overlay-opacity":"","overlay-gradient":""},"mobile":{"background-color":"var(--ast-global-color-5)","background-image":"","background-repeat":"repeat","background-position":"center center","background-size":"auto","background-attachment":"scroll","background-type":"","background-media":"","overlay-type":"","overlay-color":"","overlay-opacity":"","overlay-gradient":""}},"footnotes":""},"class_list":["post-700","page","type-page","status-publish","hentry"],"yoast_head":"<!-- This site is optimized with the Yoast SEO plugin v27.5 - https:\/\/yoast.com\/product\/yoast-seo-wordpress\/ -->\n<title>Nos Politiques - La Route du Th\u00e9<\/title>\n<meta name=\"robots\" content=\"index, follow, max-snippet:-1, max-image-preview:large, max-video-preview:-1\" \/>\n<link rel=\"canonical\" href=\"https:\/\/larouteduthe.ca\/accueil\/nos-politiques\/\" \/>\n<meta property=\"og:locale\" content=\"fr_FR\" \/>\n<meta property=\"og:type\" content=\"article\" \/>\n<meta property=\"og:title\" content=\"Nos Politiques - La Route du Th\u00e9\" \/>\n<meta property=\"og:description\" content=\"Politique de confidentialit\u00e9 : Nous nous engageons \u00e0 prot\u00e9ger les renseignements personnels de notre client\u00e8le et \u00e0 en assurer la confidentialit\u00e9. En aucun cas, les informations priv\u00e9es, tels que nom, adresse et num\u00e9ro de t\u00e9l\u00e9phone, ne seront divulgu\u00e9es. Elles serviront uniquement \u00e0 effectuer et confirmer les commandes. Prix : Les prix affich\u00e9s sont en dollars [&hellip;]\" \/>\n<meta property=\"og:url\" content=\"https:\/\/larouteduthe.ca\/accueil\/nos-politiques\/\" \/>\n<meta property=\"og:site_name\" content=\"La Route du Th\u00e9\" \/>\n<meta property=\"article:modified_time\" content=\"2021-02-17T16:12:17+00:00\" \/>\n<meta name=\"twitter:card\" content=\"summary_large_image\" \/>\n<meta name=\"twitter:label1\" content=\"Dur\u00e9e de lecture estim\u00e9e\" \/>\n\t<meta name=\"twitter:data1\" content=\"1 minute\" \/>\n<script type=\"application\/ld+json\" class=\"yoast-schema-graph\">{\"@context\":\"https:\\\/\\\/schema.org\",\"@graph\":[{\"@type\":\"WebPage\",\"@id\":\"https:\\\/\\\/larouteduthe.ca\\\/accueil\\\/nos-politiques\\\/\",\"url\":\"https:\\\/\\\/larouteduthe.ca\\\/accueil\\\/nos-politiques\\\/\",\"name\":\"Nos Politiques - La Route du Th\u00e9\",\"isPartOf\":{\"@id\":\"https:\\\/\\\/larouteduthe.ca\\\/accueil\\\/#website\"},\"datePublished\":\"2020-11-29T17:30:31+00:00\",\"dateModified\":\"2021-02-17T16:12:17+00:00\",\"breadcrumb\":{\"@id\":\"https:\\\/\\\/larouteduthe.ca\\\/accueil\\\/nos-politiques\\\/#breadcrumb\"},\"inLanguage\":\"fr-FR\",\"potentialAction\":[{\"@type\":\"ReadAction\",\"target\":[\"https:\\\/\\\/larouteduthe.ca\\\/accueil\\\/nos-politiques\\\/\"]}]},{\"@type\":\"BreadcrumbList\",\"@id\":\"https:\\\/\\\/larouteduthe.ca\\\/accueil\\\/nos-politiques\\\/#breadcrumb\",\"itemListElement\":[{\"@type\":\"ListItem\",\"position\":1,\"name\":\"Accueil\",\"item\":\"https:\\\/\\\/larouteduthe.ca\\\/accueil\\\/\"},{\"@type\":\"ListItem\",\"position\":2,\"name\":\"Nos Politiques\"}]},{\"@type\":\"WebSite\",\"@id\":\"https:\\\/\\\/larouteduthe.ca\\\/accueil\\\/#website\",\"url\":\"https:\\\/\\\/larouteduthe.ca\\\/accueil\\\/\",\"name\":\"La Route du Th\u00e9\",\"description\":\"Boutique de Th\u00e9 en ligne\",\"publisher\":{\"@id\":\"https:\\\/\\\/larouteduthe.ca\\\/accueil\\\/#organization\"},\"potentialAction\":[{\"@type\":\"SearchAction\",\"target\":{\"@type\":\"EntryPoint\",\"urlTemplate\":\"https:\\\/\\\/larouteduthe.ca\\\/accueil\\\/?s={search_term_string}\"},\"query-input\":{\"@type\":\"PropertyValueSpecification\",\"valueRequired\":true,\"valueName\":\"search_term_string\"}}],\"inLanguage\":\"fr-FR\"},{\"@type\":\"Organization\",\"@id\":\"https:\\\/\\\/larouteduthe.ca\\\/accueil\\\/#organization\",\"name\":\"La Route du Th\u00e9\",\"url\":\"https:\\\/\\\/larouteduthe.ca\\\/accueil\\\/\",\"logo\":{\"@type\":\"ImageObject\",\"inLanguage\":\"fr-FR\",\"@id\":\"https:\\\/\\\/larouteduthe.ca\\\/accueil\\\/#\\\/schema\\\/logo\\\/image\\\/\",\"url\":\"https:\\\/\\\/larouteduthe.ca\\\/wp-content\\\/uploads\\\/2021\\\/02\\\/Signature-Site-scaled.jpg\",\"contentUrl\":\"https:\\\/\\\/larouteduthe.ca\\\/wp-content\\\/uploads\\\/2021\\\/02\\\/Signature-Site-scaled.jpg\",\"width\":2560,\"height\":316,\"caption\":\"La Route du Th\u00e9\"},\"image\":{\"@id\":\"https:\\\/\\\/larouteduthe.ca\\\/accueil\\\/#\\\/schema\\\/logo\\\/image\\\/\"},\"sameAs\":[\"https:\\\/\\\/www.instagram.com\\\/la_route_du_the\\\/\"]}]}<\/script>\n<!-- \/ Yoast SEO plugin. -->","yoast_head_json":{"title":"Nos Politiques - La Route du Th\u00e9","robots":{"index":"index","follow":"follow","max-snippet":"max-snippet:-1","max-image-preview":"max-image-preview:large","max-video-preview":"max-video-preview:-1"},"canonical":"https:\/\/larouteduthe.ca\/accueil\/nos-politiques\/","og_locale":"fr_FR","og_type":"article","og_title":"Nos Politiques - La Route du Th\u00e9","og_description":"Politique de confidentialit\u00e9 : Nous nous engageons \u00e0 prot\u00e9ger les renseignements personnels de notre client\u00e8le et \u00e0 en assurer la confidentialit\u00e9. En aucun cas, les informations priv\u00e9es, tels que nom, adresse et num\u00e9ro de t\u00e9l\u00e9phone, ne seront divulgu\u00e9es. Elles serviront uniquement \u00e0 effectuer et confirmer les commandes. Prix : Les prix affich\u00e9s sont en dollars [&hellip;]","og_url":"https:\/\/larouteduthe.ca\/accueil\/nos-politiques\/","og_site_name":"La Route du Th\u00e9","article_modified_time":"2021-02-17T16:12:17+00:00","twitter_card":"summary_large_image","twitter_misc":{"Dur\u00e9e de lecture estim\u00e9e":"1 minute"},"schema":{"@context":"https:\/\/schema.org","@graph":[{"@type":"WebPage","@id":"https:\/\/larouteduthe.ca\/accueil\/nos-politiques\/","url":"https:\/\/larouteduthe.ca\/accueil\/nos-politiques\/","name":"Nos Politiques - La Route du Th\u00e9","isPartOf":{"@id":"https:\/\/larouteduthe.ca\/accueil\/#website"},"datePublished":"2020-11-29T17:30:31+00:00","dateModified":"2021-02-17T16:12:17+00:00","breadcrumb":{"@id":"https:\/\/larouteduthe.ca\/accueil\/nos-politiques\/#breadcrumb"},"inLanguage":"fr-FR","potentialAction":[{"@type":"ReadAction","target":["https:\/\/larouteduthe.ca\/accueil\/nos-politiques\/"]}]},{"@type":"BreadcrumbList","@id":"https:\/\/larouteduthe.ca\/accueil\/nos-politiques\/#breadcrumb","itemListElement":[{"@type":"ListItem","position":1,"name":"Accueil","item":"https:\/\/larouteduthe.ca\/accueil\/"},{"@type":"ListItem","position":2,"name":"Nos Politiques"}]},{"@type":"WebSite","@id":"https:\/\/larouteduthe.ca\/accueil\/#website","url":"https:\/\/larouteduthe.ca\/accueil\/","name":"La Route du Th\u00e9","description":"Boutique de Th\u00e9 en ligne","publisher":{"@id":"https:\/\/larouteduthe.ca\/accueil\/#organization"},"potentialAction":[{"@type":"SearchAction","target":{"@type":"EntryPoint","urlTemplate":"https:\/\/larouteduthe.ca\/accueil\/?s={search_term_string}"},"query-input":{"@type":"PropertyValueSpecification","valueRequired":true,"valueName":"search_term_string"}}],"inLanguage":"fr-FR"},{"@type":"Organization","@id":"https:\/\/larouteduthe.ca\/accueil\/#organization","name":"La Route du Th\u00e9","url":"https:\/\/larouteduthe.ca\/accueil\/","logo":{"@type":"ImageObject","inLanguage":"fr-FR","@id":"https:\/\/larouteduthe.ca\/accueil\/#\/schema\/logo\/image\/","url":"https:\/\/larouteduthe.ca\/wp-content\/uploads\/2021\/02\/Signature-Site-scaled.jpg","contentUrl":"https:\/\/larouteduthe.ca\/wp-content\/uploads\/2021\/02\/Signature-Site-scaled.jpg","width":2560,"height":316,"caption":"La Route du Th\u00e9"},"image":{"@id":"https:\/\/larouteduthe.ca\/accueil\/#\/schema\/logo\/image\/"},"sameAs":["https:\/\/www.instagram.com\/la_route_du_the\/"]}]}},"_links":{"self":[{"href":"https:\/\/larouteduthe.ca\/accueil\/wp-json\/wp\/v2\/pages\/700","targetHints":{"allow":["GET"]}}],"collection":[{"href":"https:\/\/larouteduthe.ca\/accueil\/wp-json\/wp\/v2\/pages"}],"about":[{"href":"https:\/\/larouteduthe.ca\/accueil\/wp-json\/wp\/v2\/types\/page"}],"author":[{"embeddable":true,"href":"https:\/\/larouteduthe.ca\/accueil\/wp-json\/wp\/v2\/users\/1"}],"replies":[{"embeddable":true,"href":"https:\/\/larouteduthe.ca\/accueil\/wp-json\/wp\/v2\/comments?post=700"}],"version-history":[{"count":6,"href":"https:\/\/larouteduthe.ca\/accueil\/wp-json\/wp\/v2\/pages\/700\/revisions"}],"predecessor-version":[{"id":1951,"href":"https:\/\/larouteduthe.ca\/accueil\/wp-json\/wp\/v2\/pages\/700\/revisions\/1951"}],"wp:attachment":[{"href":"https:\/\/larouteduthe.ca\/accueil\/wp-json\/wp\/v2\/media?parent=700"}],"curies":[{"name":"wp","href":"https:\/\/api.w.org\/{rel}","templated":true}]}}