{"id":439,"date":"2020-10-20T06:22:05","date_gmt":"2020-10-20T06:22:05","guid":{"rendered":"https:\/\/larouteduthe.ca\/?page_id=439"},"modified":"2021-02-15T22:18:38","modified_gmt":"2021-02-15T22:18:38","slug":"thes-oolong","status":"publish","type":"page","link":"https:\/\/larouteduthe.ca\/accueil\/thes-oolong\/","title":{"rendered":"Th\u00e9s Oolongs"},"content":{"rendered":"<p>Le th\u00e9 Oolong, Wulong ou Wu Long est th\u00e9 semi-ferment\u00e9 ou \u00e0 oxydation incompl\u00e8te. Ce qui le positionne \u00e0 mi-chemin entre le th\u00e9 vert, non-oxyd\u00e9 et le th\u00e9 noir, compl\u00e8tement oxyd\u00e9. Encore une fois, on retrouve d\u2019autres appellations pour ce th\u00e9 : th\u00e9 bleu ou th\u00e9 bleu-vert.<br \/>\n<div class=\"woocommerce columns-4 \"><ul class=\"products columns-4\">\n<li class=\"desktop-align-center tablet-align-left mobile-align-left product type-product post-408 status-publish first instock product_cat-signature product_cat-the-oolong has-post-thumbnail shipping-taxable purchasable product-type-variable\">\n\t<a href=\"https:\/\/larouteduthe.ca\/accueil\/produit\/matapedia\/\" class=\"woocommerce-LoopProduct-link woocommerce-loop-product__link\"><img loading=\"lazy\" decoding=\"async\" width=\"960\" height=\"960\" src=\"https:\/\/larouteduthe.ca\/wp-content\/uploads\/2020\/12\/Matapedia-960x960.jpg\" class=\"attachment-woocommerce_thumbnail size-woocommerce_thumbnail\" alt=\"Matap\u00e9dia\" srcset=\"https:\/\/larouteduthe.ca\/wp-content\/uploads\/2020\/12\/Matapedia-960x960.jpg 960w, https:\/\/larouteduthe.ca\/wp-content\/uploads\/2020\/12\/Matapedia-100x100.jpg 100w, https:\/\/larouteduthe.ca\/wp-content\/uploads\/2020\/12\/Matapedia-800x800.jpg 800w, https:\/\/larouteduthe.ca\/wp-content\/uploads\/2020\/12\/Matapedia-1024x1024.jpg 1024w, https:\/\/larouteduthe.ca\/wp-content\/uploads\/2020\/12\/Matapedia-280x280.jpg 280w, https:\/\/larouteduthe.ca\/wp-content\/uploads\/2020\/12\/Matapedia-768x768.jpg 768w, https:\/\/larouteduthe.ca\/wp-content\/uploads\/2020\/12\/Matapedia-1536x1536.jpg 1536w, https:\/\/larouteduthe.ca\/wp-content\/uploads\/2020\/12\/Matapedia.jpg 2048w, https:\/\/larouteduthe.ca\/wp-content\/uploads\/2020\/12\/Matapedia-400x400.jpg 400w, https:\/\/larouteduthe.ca\/wp-content\/uploads\/2020\/12\/Matapedia-512x512.jpg 512w, https:\/\/larouteduthe.ca\/wp-content\/uploads\/2020\/12\/Matapedia-60x60.jpg 60w, https:\/\/larouteduthe.ca\/wp-content\/uploads\/2020\/12\/Matapedia-90x90.jpg 90w\" sizes=\"auto, (max-width: 960px) 100vw, 960px\" \/><h2 class=\"woocommerce-loop-product__title\">Matap\u00e9dia<\/h2>\n<\/a><a href=\"https:\/\/larouteduthe.ca\/accueil\/produit\/matapedia\/\" aria-describedby=\"woocommerce_loop_add_to_cart_link_describedby_408\" data-quantity=\"1\" class=\"button product_type_variable add_to_cart_button\" data-product_id=\"408\" data-product_sku=\"\" aria-label=\"S\u00e9lectionner les options pour &ldquo;Matap\u00e9dia&rdquo;\" rel=\"nofollow\">Choix des options<\/a>\t<span id=\"woocommerce_loop_add_to_cart_link_describedby_408\" class=\"screen-reader-text\">\n\t\tCe produit a plusieurs variations. Les options peuvent \u00eatre choisies sur la page du produit\t<\/span>\n<\/li>\n<li class=\"desktop-align-center tablet-align-left mobile-align-left product type-product post-420 status-publish instock product_cat-signature product_cat-the-oolong has-post-thumbnail featured shipping-taxable purchasable product-type-variable\">\n\t<a href=\"https:\/\/larouteduthe.ca\/accueil\/produit\/wapizagonke\/\" class=\"woocommerce-LoopProduct-link woocommerce-loop-product__link\"><img loading=\"lazy\" decoding=\"async\" width=\"960\" height=\"960\" src=\"https:\/\/larouteduthe.ca\/wp-content\/uploads\/2020\/12\/Wapizagonke-960x960.jpg\" class=\"attachment-woocommerce_thumbnail size-woocommerce_thumbnail\" alt=\"Wapizagonke\" srcset=\"https:\/\/larouteduthe.ca\/wp-content\/uploads\/2020\/12\/Wapizagonke-960x960.jpg 960w, https:\/\/larouteduthe.ca\/wp-content\/uploads\/2020\/12\/Wapizagonke-100x100.jpg 100w, https:\/\/larouteduthe.ca\/wp-content\/uploads\/2020\/12\/Wapizagonke-800x800.jpg 800w, https:\/\/larouteduthe.ca\/wp-content\/uploads\/2020\/12\/Wapizagonke-1024x1024.jpg 1024w, https:\/\/larouteduthe.ca\/wp-content\/uploads\/2020\/12\/Wapizagonke-280x280.jpg 280w, https:\/\/larouteduthe.ca\/wp-content\/uploads\/2020\/12\/Wapizagonke-768x768.jpg 768w, https:\/\/larouteduthe.ca\/wp-content\/uploads\/2020\/12\/Wapizagonke-1536x1536.jpg 1536w, https:\/\/larouteduthe.ca\/wp-content\/uploads\/2020\/12\/Wapizagonke.jpg 2048w, https:\/\/larouteduthe.ca\/wp-content\/uploads\/2020\/12\/Wapizagonke-400x400.jpg 400w, https:\/\/larouteduthe.ca\/wp-content\/uploads\/2020\/12\/Wapizagonke-512x512.jpg 512w, https:\/\/larouteduthe.ca\/wp-content\/uploads\/2020\/12\/Wapizagonke-60x60.jpg 60w, https:\/\/larouteduthe.ca\/wp-content\/uploads\/2020\/12\/Wapizagonke-90x90.jpg 90w\" sizes=\"auto, (max-width: 960px) 100vw, 960px\" \/><h2 class=\"woocommerce-loop-product__title\">Wapizagonke<\/h2>\n<\/a><a href=\"https:\/\/larouteduthe.ca\/accueil\/produit\/wapizagonke\/\" aria-describedby=\"woocommerce_loop_add_to_cart_link_describedby_420\" data-quantity=\"1\" class=\"button product_type_variable add_to_cart_button\" data-product_id=\"420\" data-product_sku=\"\" aria-label=\"S\u00e9lectionner les options pour &ldquo;Wapizagonke&rdquo;\" rel=\"nofollow\">Choix des options<\/a>\t<span id=\"woocommerce_loop_add_to_cart_link_describedby_420\" class=\"screen-reader-text\">\n\t\tCe produit a plusieurs variations. Les options peuvent \u00eatre choisies sur la page du produit\t<\/span>\n<\/li>\n<li class=\"desktop-align-center tablet-align-left mobile-align-left product type-product post-4119 status-publish instock product_cat-signature product_cat-the-oolong has-post-thumbnail shipping-taxable purchasable product-type-variable\">\n\t<a href=\"https:\/\/larouteduthe.ca\/accueil\/produit\/oolong-maison\/\" class=\"woocommerce-LoopProduct-link woocommerce-loop-product__link\"><img loading=\"lazy\" decoding=\"async\" width=\"960\" height=\"960\" src=\"https:\/\/larouteduthe.ca\/wp-content\/uploads\/2023\/10\/Oolong-Maison-Sac-50g-960x960.jpg\" class=\"attachment-woocommerce_thumbnail size-woocommerce_thumbnail\" alt=\"OOLONG Maison\" srcset=\"https:\/\/larouteduthe.ca\/wp-content\/uploads\/2023\/10\/Oolong-Maison-Sac-50g-960x960.jpg 960w, https:\/\/larouteduthe.ca\/wp-content\/uploads\/2023\/10\/Oolong-Maison-Sac-50g-100x100.jpg 100w, https:\/\/larouteduthe.ca\/wp-content\/uploads\/2023\/10\/Oolong-Maison-Sac-50g-800x800.jpg 800w, https:\/\/larouteduthe.ca\/wp-content\/uploads\/2023\/10\/Oolong-Maison-Sac-50g-1024x1024.jpg 1024w, https:\/\/larouteduthe.ca\/wp-content\/uploads\/2023\/10\/Oolong-Maison-Sac-50g-280x280.jpg 280w, https:\/\/larouteduthe.ca\/wp-content\/uploads\/2023\/10\/Oolong-Maison-Sac-50g-768x768.jpg 768w, https:\/\/larouteduthe.ca\/wp-content\/uploads\/2023\/10\/Oolong-Maison-Sac-50g-1536x1536.jpg 1536w, https:\/\/larouteduthe.ca\/wp-content\/uploads\/2023\/10\/Oolong-Maison-Sac-50g-400x400.jpg 400w, https:\/\/larouteduthe.ca\/wp-content\/uploads\/2023\/10\/Oolong-Maison-Sac-50g.jpg 2048w\" sizes=\"auto, (max-width: 960px) 100vw, 960px\" \/><h2 class=\"woocommerce-loop-product__title\">OOLONG Maison<\/h2>\n<\/a><a href=\"https:\/\/larouteduthe.ca\/accueil\/produit\/oolong-maison\/\" aria-describedby=\"woocommerce_loop_add_to_cart_link_describedby_4119\" data-quantity=\"1\" class=\"button product_type_variable add_to_cart_button\" data-product_id=\"4119\" data-product_sku=\"\" aria-label=\"S\u00e9lectionner les options pour &ldquo;OOLONG Maison&rdquo;\" rel=\"nofollow\">Choix des options<\/a>\t<span id=\"woocommerce_loop_add_to_cart_link_describedby_4119\" class=\"screen-reader-text\">\n\t\tCe produit a plusieurs variations. Les options peuvent \u00eatre choisies sur la page du produit\t<\/span>\n<\/li>\n<li class=\"desktop-align-center tablet-align-left mobile-align-left product type-product post-1061 status-publish last instock product_cat-the-oolong product_cat-selection_d-infusions has-post-thumbnail shipping-taxable purchasable product-type-variable\">\n\t<a href=\"https:\/\/larouteduthe.ca\/accueil\/produit\/ti-kuan-yin-deesse-de-fer\/\" class=\"woocommerce-LoopProduct-link woocommerce-loop-product__link\"><img loading=\"lazy\" decoding=\"async\" width=\"960\" height=\"960\" src=\"https:\/\/larouteduthe.ca\/wp-content\/uploads\/2021\/02\/OOLONG_CHINA_TI-KUAN-YIN-IRON-GODDESS_ABOL-CH__-653llt01-960x960.jpg\" class=\"attachment-woocommerce_thumbnail size-woocommerce_thumbnail\" alt=\"Ti Kuan Yin d\u00e9esse de fer\" srcset=\"https:\/\/larouteduthe.ca\/wp-content\/uploads\/2021\/02\/OOLONG_CHINA_TI-KUAN-YIN-IRON-GODDESS_ABOL-CH__-653llt01-960x960.jpg 960w, https:\/\/larouteduthe.ca\/wp-content\/uploads\/2021\/02\/OOLONG_CHINA_TI-KUAN-YIN-IRON-GODDESS_ABOL-CH__-653llt01-100x100.jpg 100w, https:\/\/larouteduthe.ca\/wp-content\/uploads\/2021\/02\/OOLONG_CHINA_TI-KUAN-YIN-IRON-GODDESS_ABOL-CH__-653llt01-800x800.jpg 800w, https:\/\/larouteduthe.ca\/wp-content\/uploads\/2021\/02\/OOLONG_CHINA_TI-KUAN-YIN-IRON-GODDESS_ABOL-CH__-653llt01-1024x1024.jpg 1024w, https:\/\/larouteduthe.ca\/wp-content\/uploads\/2021\/02\/OOLONG_CHINA_TI-KUAN-YIN-IRON-GODDESS_ABOL-CH__-653llt01-280x280.jpg 280w, https:\/\/larouteduthe.ca\/wp-content\/uploads\/2021\/02\/OOLONG_CHINA_TI-KUAN-YIN-IRON-GODDESS_ABOL-CH__-653llt01-768x768.jpg 768w, https:\/\/larouteduthe.ca\/wp-content\/uploads\/2021\/02\/OOLONG_CHINA_TI-KUAN-YIN-IRON-GODDESS_ABOL-CH__-653llt01-1536x1536.jpg 1536w, https:\/\/larouteduthe.ca\/wp-content\/uploads\/2021\/02\/OOLONG_CHINA_TI-KUAN-YIN-IRON-GODDESS_ABOL-CH__-653llt01.jpg 2048w, https:\/\/larouteduthe.ca\/wp-content\/uploads\/2021\/02\/OOLONG_CHINA_TI-KUAN-YIN-IRON-GODDESS_ABOL-CH__-653llt01-400x400.jpg 400w\" sizes=\"auto, (max-width: 960px) 100vw, 960px\" \/><h2 class=\"woocommerce-loop-product__title\">Ti Kuan Yin d\u00e9esse de fer<\/h2>\n<\/a><a href=\"https:\/\/larouteduthe.ca\/accueil\/produit\/ti-kuan-yin-deesse-de-fer\/\" aria-describedby=\"woocommerce_loop_add_to_cart_link_describedby_1061\" data-quantity=\"1\" class=\"button product_type_variable add_to_cart_button\" data-product_id=\"1061\" data-product_sku=\"\" aria-label=\"S\u00e9lectionner les options pour &ldquo;Ti Kuan Yin d\u00e9esse de fer&rdquo;\" rel=\"nofollow\">Choix des options<\/a>\t<span id=\"woocommerce_loop_add_to_cart_link_describedby_1061\" class=\"screen-reader-text\">\n\t\tCe produit a plusieurs variations. Les options peuvent \u00eatre choisies sur la page du produit\t<\/span>\n<\/li>\n<\/ul>\n<\/div><\/p>\n","protected":false},"excerpt":{"rendered":"<p>Le th\u00e9 Oolong, Wulong ou Wu Long est th\u00e9 semi-ferment\u00e9 ou \u00e0 oxydation incompl\u00e8te. Ce qui le positionne \u00e0 mi-chemin entre le th\u00e9 vert, non-oxyd\u00e9 et le th\u00e9 noir, compl\u00e8tement oxyd\u00e9. Encore une fois, on retrouve d\u2019autres appellations pour ce th\u00e9 : th\u00e9 bleu ou th\u00e9 bleu-vert.<\/p>\n","protected":false},"author":1,"featured_media":745,"parent":0,"menu_order":0,"comment_status":"closed","ping_status":"closed","template":"","meta":{"site-sidebar-layout":"default","site-content-layout":"default","ast-site-content-layout":"default","site-content-style":"default","site-sidebar-style":"default","ast-global-header-display":"","ast-banner-title-visibility":"","ast-main-header-display":"","ast-hfb-above-header-display":"","ast-hfb-below-header-display":"","ast-hfb-mobile-header-display":"","site-post-title":"","ast-breadcrumbs-content":"","ast-featured-img":"disabled","footer-sml-layout":"","ast-disable-related-posts":"","theme-transparent-header-meta":"default","adv-header-id-meta":"","stick-header-meta":"","header-above-stick-meta":"","header-main-stick-meta":"","header-below-stick-meta":"","astra-migrate-meta-layouts":"default","ast-page-background-enabled":"default","ast-page-background-meta":{"desktop":{"background-color":"","background-image":"","background-repeat":"repeat","background-position":"center center","background-size":"auto","background-attachment":"scroll","background-type":"","background-media":"","overlay-type":"","overlay-color":"","overlay-opacity":"","overlay-gradient":""},"tablet":{"background-color":"","background-image":"","background-repeat":"repeat","background-position":"center center","background-size":"auto","background-attachment":"scroll","background-type":"","background-media":"","overlay-type":"","overlay-color":"","overlay-opacity":"","overlay-gradient":""},"mobile":{"background-color":"","background-image":"","background-repeat":"repeat","background-position":"center center","background-size":"auto","background-attachment":"scroll","background-type":"","background-media":"","overlay-type":"","overlay-color":"","overlay-opacity":"","overlay-gradient":""}},"ast-content-background-meta":{"desktop":{"background-color":"var(--ast-global-color-5)","background-image":"","background-repeat":"repeat","background-position":"center center","background-size":"auto","background-attachment":"scroll","background-type":"","background-media":"","overlay-type":"","overlay-color":"","overlay-opacity":"","overlay-gradient":""},"tablet":{"background-color":"var(--ast-global-color-5)","background-image":"","background-repeat":"repeat","background-position":"center center","background-size":"auto","background-attachment":"scroll","background-type":"","background-media":"","overlay-type":"","overlay-color":"","overlay-opacity":"","overlay-gradient":""},"mobile":{"background-color":"var(--ast-global-color-5)","background-image":"","background-repeat":"repeat","background-position":"center center","background-size":"auto","background-attachment":"scroll","background-type":"","background-media":"","overlay-type":"","overlay-color":"","overlay-opacity":"","overlay-gradient":""}},"footnotes":""},"class_list":["post-439","page","type-page","status-publish","has-post-thumbnail","hentry"],"yoast_head":"<!-- This site is optimized with the Yoast SEO plugin v27.6 - https:\/\/yoast.com\/product\/yoast-seo-wordpress\/ -->\n<title>Th\u00e9s Oolongs - La Route du Th\u00e9<\/title>\n<meta name=\"robots\" content=\"index, follow, max-snippet:-1, max-image-preview:large, max-video-preview:-1\" \/>\n<link rel=\"canonical\" href=\"https:\/\/larouteduthe.ca\/accueil\/thes-oolong\/\" \/>\n<meta property=\"og:locale\" content=\"fr_FR\" \/>\n<meta property=\"og:type\" content=\"article\" \/>\n<meta property=\"og:title\" content=\"Th\u00e9s Oolongs - La Route du Th\u00e9\" \/>\n<meta property=\"og:description\" content=\"Le th\u00e9 Oolong, Wulong ou Wu Long est th\u00e9 semi-ferment\u00e9 ou \u00e0 oxydation incompl\u00e8te. Ce qui le positionne \u00e0 mi-chemin entre le th\u00e9 vert, non-oxyd\u00e9 et le th\u00e9 noir, compl\u00e8tement oxyd\u00e9. Encore une fois, on retrouve d\u2019autres appellations pour ce th\u00e9 : th\u00e9 bleu ou th\u00e9 bleu-vert.\" \/>\n<meta property=\"og:url\" content=\"https:\/\/larouteduthe.ca\/accueil\/thes-oolong\/\" \/>\n<meta property=\"og:site_name\" content=\"La Route du Th\u00e9\" \/>\n<meta property=\"article:modified_time\" content=\"2021-02-15T22:18:38+00:00\" \/>\n<meta property=\"og:image\" content=\"https:\/\/larouteduthe.ca\/wp-content\/uploads\/2020\/12\/Matapedia-1024x1024.jpg\" \/>\n\t<meta property=\"og:image:width\" content=\"1024\" \/>\n\t<meta property=\"og:image:height\" content=\"1024\" \/>\n\t<meta property=\"og:image:type\" content=\"image\/jpeg\" \/>\n<meta name=\"twitter:card\" content=\"summary_large_image\" \/>\n<script type=\"application\/ld+json\" class=\"yoast-schema-graph\">{\"@context\":\"https:\\\/\\\/schema.org\",\"@graph\":[{\"@type\":\"WebPage\",\"@id\":\"https:\\\/\\\/larouteduthe.ca\\\/accueil\\\/thes-oolong\\\/\",\"url\":\"https:\\\/\\\/larouteduthe.ca\\\/accueil\\\/thes-oolong\\\/\",\"name\":\"Th\u00e9s Oolongs - La Route du Th\u00e9\",\"isPartOf\":{\"@id\":\"https:\\\/\\\/larouteduthe.ca\\\/accueil\\\/#website\"},\"primaryImageOfPage\":{\"@id\":\"https:\\\/\\\/larouteduthe.ca\\\/accueil\\\/thes-oolong\\\/#primaryimage\"},\"image\":{\"@id\":\"https:\\\/\\\/larouteduthe.ca\\\/accueil\\\/thes-oolong\\\/#primaryimage\"},\"thumbnailUrl\":\"https:\\\/\\\/larouteduthe.ca\\\/wp-content\\\/uploads\\\/2020\\\/12\\\/Matapedia.jpg\",\"datePublished\":\"2020-10-20T06:22:05+00:00\",\"dateModified\":\"2021-02-15T22:18:38+00:00\",\"breadcrumb\":{\"@id\":\"https:\\\/\\\/larouteduthe.ca\\\/accueil\\\/thes-oolong\\\/#breadcrumb\"},\"inLanguage\":\"fr-FR\",\"potentialAction\":[{\"@type\":\"ReadAction\",\"target\":[\"https:\\\/\\\/larouteduthe.ca\\\/accueil\\\/thes-oolong\\\/\"]}]},{\"@type\":\"ImageObject\",\"inLanguage\":\"fr-FR\",\"@id\":\"https:\\\/\\\/larouteduthe.ca\\\/accueil\\\/thes-oolong\\\/#primaryimage\",\"url\":\"https:\\\/\\\/larouteduthe.ca\\\/wp-content\\\/uploads\\\/2020\\\/12\\\/Matapedia.jpg\",\"contentUrl\":\"https:\\\/\\\/larouteduthe.ca\\\/wp-content\\\/uploads\\\/2020\\\/12\\\/Matapedia.jpg\",\"width\":2048,\"height\":2048},{\"@type\":\"BreadcrumbList\",\"@id\":\"https:\\\/\\\/larouteduthe.ca\\\/accueil\\\/thes-oolong\\\/#breadcrumb\",\"itemListElement\":[{\"@type\":\"ListItem\",\"position\":1,\"name\":\"Accueil\",\"item\":\"https:\\\/\\\/larouteduthe.ca\\\/accueil\\\/\"},{\"@type\":\"ListItem\",\"position\":2,\"name\":\"Th\u00e9s Oolongs\"}]},{\"@type\":\"WebSite\",\"@id\":\"https:\\\/\\\/larouteduthe.ca\\\/accueil\\\/#website\",\"url\":\"https:\\\/\\\/larouteduthe.ca\\\/accueil\\\/\",\"name\":\"La Route du Th\u00e9\",\"description\":\"Boutique de Th\u00e9 en ligne\",\"publisher\":{\"@id\":\"https:\\\/\\\/larouteduthe.ca\\\/accueil\\\/#organization\"},\"potentialAction\":[{\"@type\":\"SearchAction\",\"target\":{\"@type\":\"EntryPoint\",\"urlTemplate\":\"https:\\\/\\\/larouteduthe.ca\\\/accueil\\\/?s={search_term_string}\"},\"query-input\":{\"@type\":\"PropertyValueSpecification\",\"valueRequired\":true,\"valueName\":\"search_term_string\"}}],\"inLanguage\":\"fr-FR\"},{\"@type\":\"Organization\",\"@id\":\"https:\\\/\\\/larouteduthe.ca\\\/accueil\\\/#organization\",\"name\":\"La Route du Th\u00e9\",\"url\":\"https:\\\/\\\/larouteduthe.ca\\\/accueil\\\/\",\"logo\":{\"@type\":\"ImageObject\",\"inLanguage\":\"fr-FR\",\"@id\":\"https:\\\/\\\/larouteduthe.ca\\\/accueil\\\/#\\\/schema\\\/logo\\\/image\\\/\",\"url\":\"https:\\\/\\\/larouteduthe.ca\\\/wp-content\\\/uploads\\\/2021\\\/02\\\/Signature-Site-scaled.jpg\",\"contentUrl\":\"https:\\\/\\\/larouteduthe.ca\\\/wp-content\\\/uploads\\\/2021\\\/02\\\/Signature-Site-scaled.jpg\",\"width\":2560,\"height\":316,\"caption\":\"La Route du Th\u00e9\"},\"image\":{\"@id\":\"https:\\\/\\\/larouteduthe.ca\\\/accueil\\\/#\\\/schema\\\/logo\\\/image\\\/\"},\"sameAs\":[\"https:\\\/\\\/www.instagram.com\\\/la_route_du_the\\\/\"]}]}<\/script>\n<!-- \/ Yoast SEO plugin. -->","yoast_head_json":{"title":"Th\u00e9s Oolongs - La Route du Th\u00e9","robots":{"index":"index","follow":"follow","max-snippet":"max-snippet:-1","max-image-preview":"max-image-preview:large","max-video-preview":"max-video-preview:-1"},"canonical":"https:\/\/larouteduthe.ca\/accueil\/thes-oolong\/","og_locale":"fr_FR","og_type":"article","og_title":"Th\u00e9s Oolongs - La Route du Th\u00e9","og_description":"Le th\u00e9 Oolong, Wulong ou Wu Long est th\u00e9 semi-ferment\u00e9 ou \u00e0 oxydation incompl\u00e8te. Ce qui le positionne \u00e0 mi-chemin entre le th\u00e9 vert, non-oxyd\u00e9 et le th\u00e9 noir, compl\u00e8tement oxyd\u00e9. Encore une fois, on retrouve d\u2019autres appellations pour ce th\u00e9 : th\u00e9 bleu ou th\u00e9 bleu-vert.","og_url":"https:\/\/larouteduthe.ca\/accueil\/thes-oolong\/","og_site_name":"La Route du Th\u00e9","article_modified_time":"2021-02-15T22:18:38+00:00","og_image":[{"width":1024,"height":1024,"url":"https:\/\/larouteduthe.ca\/wp-content\/uploads\/2020\/12\/Matapedia-1024x1024.jpg","type":"image\/jpeg"}],"twitter_card":"summary_large_image","schema":{"@context":"https:\/\/schema.org","@graph":[{"@type":"WebPage","@id":"https:\/\/larouteduthe.ca\/accueil\/thes-oolong\/","url":"https:\/\/larouteduthe.ca\/accueil\/thes-oolong\/","name":"Th\u00e9s Oolongs - La Route du Th\u00e9","isPartOf":{"@id":"https:\/\/larouteduthe.ca\/accueil\/#website"},"primaryImageOfPage":{"@id":"https:\/\/larouteduthe.ca\/accueil\/thes-oolong\/#primaryimage"},"image":{"@id":"https:\/\/larouteduthe.ca\/accueil\/thes-oolong\/#primaryimage"},"thumbnailUrl":"https:\/\/larouteduthe.ca\/wp-content\/uploads\/2020\/12\/Matapedia.jpg","datePublished":"2020-10-20T06:22:05+00:00","dateModified":"2021-02-15T22:18:38+00:00","breadcrumb":{"@id":"https:\/\/larouteduthe.ca\/accueil\/thes-oolong\/#breadcrumb"},"inLanguage":"fr-FR","potentialAction":[{"@type":"ReadAction","target":["https:\/\/larouteduthe.ca\/accueil\/thes-oolong\/"]}]},{"@type":"ImageObject","inLanguage":"fr-FR","@id":"https:\/\/larouteduthe.ca\/accueil\/thes-oolong\/#primaryimage","url":"https:\/\/larouteduthe.ca\/wp-content\/uploads\/2020\/12\/Matapedia.jpg","contentUrl":"https:\/\/larouteduthe.ca\/wp-content\/uploads\/2020\/12\/Matapedia.jpg","width":2048,"height":2048},{"@type":"BreadcrumbList","@id":"https:\/\/larouteduthe.ca\/accueil\/thes-oolong\/#breadcrumb","itemListElement":[{"@type":"ListItem","position":1,"name":"Accueil","item":"https:\/\/larouteduthe.ca\/accueil\/"},{"@type":"ListItem","position":2,"name":"Th\u00e9s Oolongs"}]},{"@type":"WebSite","@id":"https:\/\/larouteduthe.ca\/accueil\/#website","url":"https:\/\/larouteduthe.ca\/accueil\/","name":"La Route du Th\u00e9","description":"Boutique de Th\u00e9 en ligne","publisher":{"@id":"https:\/\/larouteduthe.ca\/accueil\/#organization"},"potentialAction":[{"@type":"SearchAction","target":{"@type":"EntryPoint","urlTemplate":"https:\/\/larouteduthe.ca\/accueil\/?s={search_term_string}"},"query-input":{"@type":"PropertyValueSpecification","valueRequired":true,"valueName":"search_term_string"}}],"inLanguage":"fr-FR"},{"@type":"Organization","@id":"https:\/\/larouteduthe.ca\/accueil\/#organization","name":"La Route du Th\u00e9","url":"https:\/\/larouteduthe.ca\/accueil\/","logo":{"@type":"ImageObject","inLanguage":"fr-FR","@id":"https:\/\/larouteduthe.ca\/accueil\/#\/schema\/logo\/image\/","url":"https:\/\/larouteduthe.ca\/wp-content\/uploads\/2021\/02\/Signature-Site-scaled.jpg","contentUrl":"https:\/\/larouteduthe.ca\/wp-content\/uploads\/2021\/02\/Signature-Site-scaled.jpg","width":2560,"height":316,"caption":"La Route du Th\u00e9"},"image":{"@id":"https:\/\/larouteduthe.ca\/accueil\/#\/schema\/logo\/image\/"},"sameAs":["https:\/\/www.instagram.com\/la_route_du_the\/"]}]}},"_links":{"self":[{"href":"https:\/\/larouteduthe.ca\/accueil\/wp-json\/wp\/v2\/pages\/439","targetHints":{"allow":["GET"]}}],"collection":[{"href":"https:\/\/larouteduthe.ca\/accueil\/wp-json\/wp\/v2\/pages"}],"about":[{"href":"https:\/\/larouteduthe.ca\/accueil\/wp-json\/wp\/v2\/types\/page"}],"author":[{"embeddable":true,"href":"https:\/\/larouteduthe.ca\/accueil\/wp-json\/wp\/v2\/users\/1"}],"replies":[{"embeddable":true,"href":"https:\/\/larouteduthe.ca\/accueil\/wp-json\/wp\/v2\/comments?post=439"}],"version-history":[{"count":4,"href":"https:\/\/larouteduthe.ca\/accueil\/wp-json\/wp\/v2\/pages\/439\/revisions"}],"predecessor-version":[{"id":1681,"href":"https:\/\/larouteduthe.ca\/accueil\/wp-json\/wp\/v2\/pages\/439\/revisions\/1681"}],"wp:featuredmedia":[{"embeddable":true,"href":"https:\/\/larouteduthe.ca\/accueil\/wp-json\/wp\/v2\/media\/745"}],"wp:attachment":[{"href":"https:\/\/larouteduthe.ca\/accueil\/wp-json\/wp\/v2\/media?parent=439"}],"curies":[{"name":"wp","href":"https:\/\/api.w.org\/{rel}","templated":true}]}}