{"id":437,"date":"2020-10-20T06:21:50","date_gmt":"2020-10-20T06:21:50","guid":{"rendered":"https:\/\/larouteduthe.ca\/?page_id=437"},"modified":"2021-02-15T22:18:59","modified_gmt":"2021-02-15T22:18:59","slug":"the-blanc","status":"publish","type":"page","link":"https:\/\/larouteduthe.ca\/accueil\/the-blanc\/","title":{"rendered":"Th\u00e9 Blanc"},"content":{"rendered":"<p>Bien qu\u2019il soit rare et donc assez co\u00fbteux, le th\u00e9 blanc est n\u00e9anmoins le plus b\u00e9n\u00e9fique pour la sant\u00e9, parce qu\u2019il reste tr\u00e8s pur : le th\u00e9 blanc est un th\u00e9 non oxyd\u00e9. Il subit peu de manipulations et ses feuilles sont soumises \u00e0 un processus de s\u00e9chage beaucoup moins long que les autres types de th\u00e9, ce qui permet aux feuilles de conserver davantage de leurs fameux bienfaits.<br \/>\n<div class=\"woocommerce columns-4 \"><ul class=\"products columns-4\">\n<li class=\"desktop-align-center tablet-align-left mobile-align-left product type-product post-387 status-publish first instock product_cat-signature product_cat-the-blanc has-post-thumbnail shipping-taxable purchasable product-type-variable\">\n\t<a href=\"https:\/\/larouteduthe.ca\/accueil\/produit\/lacadie\/\" class=\"woocommerce-LoopProduct-link woocommerce-loop-product__link\"><img loading=\"lazy\" decoding=\"async\" width=\"960\" height=\"960\" src=\"https:\/\/larouteduthe.ca\/wp-content\/uploads\/2020\/12\/LAcadie-960x960.jpg\" class=\"attachment-woocommerce_thumbnail size-woocommerce_thumbnail\" alt=\"L&#039;Acadie\" srcset=\"https:\/\/larouteduthe.ca\/wp-content\/uploads\/2020\/12\/LAcadie-960x960.jpg 960w, https:\/\/larouteduthe.ca\/wp-content\/uploads\/2020\/12\/LAcadie-100x100.jpg 100w, https:\/\/larouteduthe.ca\/wp-content\/uploads\/2020\/12\/LAcadie-800x800.jpg 800w, https:\/\/larouteduthe.ca\/wp-content\/uploads\/2020\/12\/LAcadie-1024x1024.jpg 1024w, https:\/\/larouteduthe.ca\/wp-content\/uploads\/2020\/12\/LAcadie-280x280.jpg 280w, https:\/\/larouteduthe.ca\/wp-content\/uploads\/2020\/12\/LAcadie-768x768.jpg 768w, https:\/\/larouteduthe.ca\/wp-content\/uploads\/2020\/12\/LAcadie-1536x1536.jpg 1536w, https:\/\/larouteduthe.ca\/wp-content\/uploads\/2020\/12\/LAcadie.jpg 2048w, https:\/\/larouteduthe.ca\/wp-content\/uploads\/2020\/12\/LAcadie-400x400.jpg 400w, https:\/\/larouteduthe.ca\/wp-content\/uploads\/2020\/12\/LAcadie-512x512.jpg 512w, https:\/\/larouteduthe.ca\/wp-content\/uploads\/2020\/12\/LAcadie-60x60.jpg 60w, https:\/\/larouteduthe.ca\/wp-content\/uploads\/2020\/12\/LAcadie-90x90.jpg 90w\" sizes=\"auto, (max-width: 960px) 100vw, 960px\" \/><h2 class=\"woocommerce-loop-product__title\">L&rsquo;Acadie<\/h2>\n<\/a><a href=\"https:\/\/larouteduthe.ca\/accueil\/produit\/lacadie\/\" aria-describedby=\"woocommerce_loop_add_to_cart_link_describedby_387\" data-quantity=\"1\" class=\"button product_type_variable add_to_cart_button\" data-product_id=\"387\" data-product_sku=\"\" aria-label=\"S\u00e9lectionner les options pour &ldquo;L&#039;Acadie&rdquo;\" rel=\"nofollow\">Choix des options<\/a>\t<span id=\"woocommerce_loop_add_to_cart_link_describedby_387\" class=\"screen-reader-text\">\n\t\tCe produit a plusieurs variations. Les options peuvent \u00eatre choisies sur la page du produit\t<\/span>\n<\/li>\n<\/ul>\n<\/div><\/p>\n","protected":false},"excerpt":{"rendered":"<p>Bien qu\u2019il soit rare et donc assez co\u00fbteux, le th\u00e9 blanc est n\u00e9anmoins le plus b\u00e9n\u00e9fique pour la sant\u00e9, parce qu\u2019il reste tr\u00e8s pur : le th\u00e9 blanc est un th\u00e9 non oxyd\u00e9. Il subit peu de manipulations et ses feuilles sont soumises \u00e0 un processus de s\u00e9chage beaucoup moins long que les autres types [&hellip;]<\/p>\n","protected":false},"author":1,"featured_media":0,"parent":0,"menu_order":0,"comment_status":"closed","ping_status":"closed","template":"","meta":{"site-sidebar-layout":"default","site-content-layout":"default","ast-site-content-layout":"default","site-content-style":"default","site-sidebar-style":"default","ast-global-header-display":"","ast-banner-title-visibility":"","ast-main-header-display":"","ast-hfb-above-header-display":"","ast-hfb-below-header-display":"","ast-hfb-mobile-header-display":"","site-post-title":"","ast-breadcrumbs-content":"","ast-featured-img":"","footer-sml-layout":"","ast-disable-related-posts":"","theme-transparent-header-meta":"default","adv-header-id-meta":"","stick-header-meta":"","header-above-stick-meta":"","header-main-stick-meta":"","header-below-stick-meta":"","astra-migrate-meta-layouts":"default","ast-page-background-enabled":"default","ast-page-background-meta":{"desktop":{"background-color":"","background-image":"","background-repeat":"repeat","background-position":"center center","background-size":"auto","background-attachment":"scroll","background-type":"","background-media":"","overlay-type":"","overlay-color":"","overlay-opacity":"","overlay-gradient":""},"tablet":{"background-color":"","background-image":"","background-repeat":"repeat","background-position":"center center","background-size":"auto","background-attachment":"scroll","background-type":"","background-media":"","overlay-type":"","overlay-color":"","overlay-opacity":"","overlay-gradient":""},"mobile":{"background-color":"","background-image":"","background-repeat":"repeat","background-position":"center center","background-size":"auto","background-attachment":"scroll","background-type":"","background-media":"","overlay-type":"","overlay-color":"","overlay-opacity":"","overlay-gradient":""}},"ast-content-background-meta":{"desktop":{"background-color":"var(--ast-global-color-5)","background-image":"","background-repeat":"repeat","background-position":"center center","background-size":"auto","background-attachment":"scroll","background-type":"","background-media":"","overlay-type":"","overlay-color":"","overlay-opacity":"","overlay-gradient":""},"tablet":{"background-color":"var(--ast-global-color-5)","background-image":"","background-repeat":"repeat","background-position":"center center","background-size":"auto","background-attachment":"scroll","background-type":"","background-media":"","overlay-type":"","overlay-color":"","overlay-opacity":"","overlay-gradient":""},"mobile":{"background-color":"var(--ast-global-color-5)","background-image":"","background-repeat":"repeat","background-position":"center center","background-size":"auto","background-attachment":"scroll","background-type":"","background-media":"","overlay-type":"","overlay-color":"","overlay-opacity":"","overlay-gradient":""}},"footnotes":""},"class_list":["post-437","page","type-page","status-publish","hentry"],"yoast_head":"<!-- This site is optimized with the Yoast SEO plugin v27.6 - https:\/\/yoast.com\/product\/yoast-seo-wordpress\/ -->\n<title>Th\u00e9 Blanc - La Route du Th\u00e9<\/title>\n<meta name=\"robots\" content=\"index, follow, max-snippet:-1, max-image-preview:large, max-video-preview:-1\" \/>\n<link rel=\"canonical\" href=\"https:\/\/larouteduthe.ca\/accueil\/the-blanc\/\" \/>\n<meta property=\"og:locale\" content=\"fr_FR\" \/>\n<meta property=\"og:type\" content=\"article\" \/>\n<meta property=\"og:title\" content=\"Th\u00e9 Blanc - La Route du Th\u00e9\" \/>\n<meta property=\"og:description\" content=\"Bien qu\u2019il soit rare et donc assez co\u00fbteux, le th\u00e9 blanc est n\u00e9anmoins le plus b\u00e9n\u00e9fique pour la sant\u00e9, parce qu\u2019il reste tr\u00e8s pur : le th\u00e9 blanc est un th\u00e9 non oxyd\u00e9. Il subit peu de manipulations et ses feuilles sont soumises \u00e0 un processus de s\u00e9chage beaucoup moins long que les autres types [&hellip;]\" \/>\n<meta property=\"og:url\" content=\"https:\/\/larouteduthe.ca\/accueil\/the-blanc\/\" \/>\n<meta property=\"og:site_name\" content=\"La Route du Th\u00e9\" \/>\n<meta property=\"article:modified_time\" content=\"2021-02-15T22:18:59+00:00\" \/>\n<meta name=\"twitter:card\" content=\"summary_large_image\" \/>\n<script type=\"application\/ld+json\" class=\"yoast-schema-graph\">{\"@context\":\"https:\\\/\\\/schema.org\",\"@graph\":[{\"@type\":\"WebPage\",\"@id\":\"https:\\\/\\\/larouteduthe.ca\\\/accueil\\\/the-blanc\\\/\",\"url\":\"https:\\\/\\\/larouteduthe.ca\\\/accueil\\\/the-blanc\\\/\",\"name\":\"Th\u00e9 Blanc - La Route du Th\u00e9\",\"isPartOf\":{\"@id\":\"https:\\\/\\\/larouteduthe.ca\\\/accueil\\\/#website\"},\"datePublished\":\"2020-10-20T06:21:50+00:00\",\"dateModified\":\"2021-02-15T22:18:59+00:00\",\"breadcrumb\":{\"@id\":\"https:\\\/\\\/larouteduthe.ca\\\/accueil\\\/the-blanc\\\/#breadcrumb\"},\"inLanguage\":\"fr-FR\",\"potentialAction\":[{\"@type\":\"ReadAction\",\"target\":[\"https:\\\/\\\/larouteduthe.ca\\\/accueil\\\/the-blanc\\\/\"]}]},{\"@type\":\"BreadcrumbList\",\"@id\":\"https:\\\/\\\/larouteduthe.ca\\\/accueil\\\/the-blanc\\\/#breadcrumb\",\"itemListElement\":[{\"@type\":\"ListItem\",\"position\":1,\"name\":\"Accueil\",\"item\":\"https:\\\/\\\/larouteduthe.ca\\\/accueil\\\/\"},{\"@type\":\"ListItem\",\"position\":2,\"name\":\"Th\u00e9 Blanc\"}]},{\"@type\":\"WebSite\",\"@id\":\"https:\\\/\\\/larouteduthe.ca\\\/accueil\\\/#website\",\"url\":\"https:\\\/\\\/larouteduthe.ca\\\/accueil\\\/\",\"name\":\"La Route du Th\u00e9\",\"description\":\"Boutique de Th\u00e9 en ligne\",\"publisher\":{\"@id\":\"https:\\\/\\\/larouteduthe.ca\\\/accueil\\\/#organization\"},\"potentialAction\":[{\"@type\":\"SearchAction\",\"target\":{\"@type\":\"EntryPoint\",\"urlTemplate\":\"https:\\\/\\\/larouteduthe.ca\\\/accueil\\\/?s={search_term_string}\"},\"query-input\":{\"@type\":\"PropertyValueSpecification\",\"valueRequired\":true,\"valueName\":\"search_term_string\"}}],\"inLanguage\":\"fr-FR\"},{\"@type\":\"Organization\",\"@id\":\"https:\\\/\\\/larouteduthe.ca\\\/accueil\\\/#organization\",\"name\":\"La Route du Th\u00e9\",\"url\":\"https:\\\/\\\/larouteduthe.ca\\\/accueil\\\/\",\"logo\":{\"@type\":\"ImageObject\",\"inLanguage\":\"fr-FR\",\"@id\":\"https:\\\/\\\/larouteduthe.ca\\\/accueil\\\/#\\\/schema\\\/logo\\\/image\\\/\",\"url\":\"https:\\\/\\\/larouteduthe.ca\\\/wp-content\\\/uploads\\\/2021\\\/02\\\/Signature-Site-scaled.jpg\",\"contentUrl\":\"https:\\\/\\\/larouteduthe.ca\\\/wp-content\\\/uploads\\\/2021\\\/02\\\/Signature-Site-scaled.jpg\",\"width\":2560,\"height\":316,\"caption\":\"La Route du Th\u00e9\"},\"image\":{\"@id\":\"https:\\\/\\\/larouteduthe.ca\\\/accueil\\\/#\\\/schema\\\/logo\\\/image\\\/\"},\"sameAs\":[\"https:\\\/\\\/www.instagram.com\\\/la_route_du_the\\\/\"]}]}<\/script>\n<!-- \/ Yoast SEO plugin. -->","yoast_head_json":{"title":"Th\u00e9 Blanc - La Route du Th\u00e9","robots":{"index":"index","follow":"follow","max-snippet":"max-snippet:-1","max-image-preview":"max-image-preview:large","max-video-preview":"max-video-preview:-1"},"canonical":"https:\/\/larouteduthe.ca\/accueil\/the-blanc\/","og_locale":"fr_FR","og_type":"article","og_title":"Th\u00e9 Blanc - La Route du Th\u00e9","og_description":"Bien qu\u2019il soit rare et donc assez co\u00fbteux, le th\u00e9 blanc est n\u00e9anmoins le plus b\u00e9n\u00e9fique pour la sant\u00e9, parce qu\u2019il reste tr\u00e8s pur : le th\u00e9 blanc est un th\u00e9 non oxyd\u00e9. Il subit peu de manipulations et ses feuilles sont soumises \u00e0 un processus de s\u00e9chage beaucoup moins long que les autres types [&hellip;]","og_url":"https:\/\/larouteduthe.ca\/accueil\/the-blanc\/","og_site_name":"La Route du Th\u00e9","article_modified_time":"2021-02-15T22:18:59+00:00","twitter_card":"summary_large_image","schema":{"@context":"https:\/\/schema.org","@graph":[{"@type":"WebPage","@id":"https:\/\/larouteduthe.ca\/accueil\/the-blanc\/","url":"https:\/\/larouteduthe.ca\/accueil\/the-blanc\/","name":"Th\u00e9 Blanc - La Route du Th\u00e9","isPartOf":{"@id":"https:\/\/larouteduthe.ca\/accueil\/#website"},"datePublished":"2020-10-20T06:21:50+00:00","dateModified":"2021-02-15T22:18:59+00:00","breadcrumb":{"@id":"https:\/\/larouteduthe.ca\/accueil\/the-blanc\/#breadcrumb"},"inLanguage":"fr-FR","potentialAction":[{"@type":"ReadAction","target":["https:\/\/larouteduthe.ca\/accueil\/the-blanc\/"]}]},{"@type":"BreadcrumbList","@id":"https:\/\/larouteduthe.ca\/accueil\/the-blanc\/#breadcrumb","itemListElement":[{"@type":"ListItem","position":1,"name":"Accueil","item":"https:\/\/larouteduthe.ca\/accueil\/"},{"@type":"ListItem","position":2,"name":"Th\u00e9 Blanc"}]},{"@type":"WebSite","@id":"https:\/\/larouteduthe.ca\/accueil\/#website","url":"https:\/\/larouteduthe.ca\/accueil\/","name":"La Route du Th\u00e9","description":"Boutique de Th\u00e9 en ligne","publisher":{"@id":"https:\/\/larouteduthe.ca\/accueil\/#organization"},"potentialAction":[{"@type":"SearchAction","target":{"@type":"EntryPoint","urlTemplate":"https:\/\/larouteduthe.ca\/accueil\/?s={search_term_string}"},"query-input":{"@type":"PropertyValueSpecification","valueRequired":true,"valueName":"search_term_string"}}],"inLanguage":"fr-FR"},{"@type":"Organization","@id":"https:\/\/larouteduthe.ca\/accueil\/#organization","name":"La Route du Th\u00e9","url":"https:\/\/larouteduthe.ca\/accueil\/","logo":{"@type":"ImageObject","inLanguage":"fr-FR","@id":"https:\/\/larouteduthe.ca\/accueil\/#\/schema\/logo\/image\/","url":"https:\/\/larouteduthe.ca\/wp-content\/uploads\/2021\/02\/Signature-Site-scaled.jpg","contentUrl":"https:\/\/larouteduthe.ca\/wp-content\/uploads\/2021\/02\/Signature-Site-scaled.jpg","width":2560,"height":316,"caption":"La Route du Th\u00e9"},"image":{"@id":"https:\/\/larouteduthe.ca\/accueil\/#\/schema\/logo\/image\/"},"sameAs":["https:\/\/www.instagram.com\/la_route_du_the\/"]}]}},"_links":{"self":[{"href":"https:\/\/larouteduthe.ca\/accueil\/wp-json\/wp\/v2\/pages\/437","targetHints":{"allow":["GET"]}}],"collection":[{"href":"https:\/\/larouteduthe.ca\/accueil\/wp-json\/wp\/v2\/pages"}],"about":[{"href":"https:\/\/larouteduthe.ca\/accueil\/wp-json\/wp\/v2\/types\/page"}],"author":[{"embeddable":true,"href":"https:\/\/larouteduthe.ca\/accueil\/wp-json\/wp\/v2\/users\/1"}],"replies":[{"embeddable":true,"href":"https:\/\/larouteduthe.ca\/accueil\/wp-json\/wp\/v2\/comments?post=437"}],"version-history":[{"count":4,"href":"https:\/\/larouteduthe.ca\/accueil\/wp-json\/wp\/v2\/pages\/437\/revisions"}],"predecessor-version":[{"id":1684,"href":"https:\/\/larouteduthe.ca\/accueil\/wp-json\/wp\/v2\/pages\/437\/revisions\/1684"}],"wp:attachment":[{"href":"https:\/\/larouteduthe.ca\/accueil\/wp-json\/wp\/v2\/media?parent=437"}],"curies":[{"name":"wp","href":"https:\/\/api.w.org\/{rel}","templated":true}]}}