{"id":429,"date":"2020-10-20T06:18:59","date_gmt":"2020-10-20T06:18:59","guid":{"rendered":"https:\/\/larouteduthe.ca\/?page_id=429"},"modified":"2021-03-01T15:58:07","modified_gmt":"2021-03-01T15:58:07","slug":"nos-thes","status":"publish","type":"page","link":"https:\/\/larouteduthe.ca\/accueil\/nos-thes\/","title":{"rendered":"Th\u00e9s &#038; Infusions"},"content":{"rendered":"<div class=\"woocommerce columns-4\"><ul class=\"products columns-4\">\n<li class=\"product-category product first\">\n\t<a aria-label=\"Acc\u00e9der \u00e0 la cat\u00e9gorie de produits Th\u00e9 Vert\" href=\"https:\/\/larouteduthe.ca\/accueil\/categorie-produit\/par_couleur\/the-vert\/\"><img decoding=\"async\" src=\"https:\/\/larouteduthe.ca\/wp-content\/uploads\/2021\/03\/Nos-Thes-Verts-960x960.jpg\" alt=\"Th\u00e9 Vert\" width=\"960\" height=\"\" srcset=\"https:\/\/larouteduthe.ca\/wp-content\/uploads\/2021\/03\/Nos-Thes-Verts-960x960.jpg 960w, https:\/\/larouteduthe.ca\/wp-content\/uploads\/2021\/03\/Nos-Thes-Verts-100x100.jpg 100w, https:\/\/larouteduthe.ca\/wp-content\/uploads\/2021\/03\/Nos-Thes-Verts-800x800.jpg 800w, https:\/\/larouteduthe.ca\/wp-content\/uploads\/2021\/03\/Nos-Thes-Verts-1024x1024.jpg 1024w, https:\/\/larouteduthe.ca\/wp-content\/uploads\/2021\/03\/Nos-Thes-Verts-280x280.jpg 280w, https:\/\/larouteduthe.ca\/wp-content\/uploads\/2021\/03\/Nos-Thes-Verts-768x768.jpg 768w, https:\/\/larouteduthe.ca\/wp-content\/uploads\/2021\/03\/Nos-Thes-Verts-1536x1536.jpg 1536w, https:\/\/larouteduthe.ca\/wp-content\/uploads\/2021\/03\/Nos-Thes-Verts.jpg 2048w, https:\/\/larouteduthe.ca\/wp-content\/uploads\/2021\/03\/Nos-Thes-Verts-400x400.jpg 400w, https:\/\/larouteduthe.ca\/wp-content\/uploads\/2021\/03\/Nos-Thes-Verts-512x512.jpg 512w\" sizes=\"(max-width: 960px) 100vw, 960px\" \/>\t\t<h2 class=\"woocommerce-loop-category__title\">\n\t\t\tTh\u00e9 Vert<mark class=\"count\">25 produits<\/mark>\t\t<\/h2>\n\t\t<\/a><\/li>\n<li class=\"product-category product\">\n\t<a aria-label=\"Acc\u00e9der \u00e0 la cat\u00e9gorie de produits Nos Th\u00e9s Signatures\" href=\"https:\/\/larouteduthe.ca\/accueil\/categorie-produit\/signature\/\"><img decoding=\"async\" src=\"https:\/\/larouteduthe.ca\/wp-content\/uploads\/2021\/02\/Nos-Thes-Signature-2-960x960.jpg\" alt=\"Nos Th\u00e9s Signatures\" width=\"960\" height=\"\" srcset=\"https:\/\/larouteduthe.ca\/wp-content\/uploads\/2021\/02\/Nos-Thes-Signature-2-960x960.jpg 960w, https:\/\/larouteduthe.ca\/wp-content\/uploads\/2021\/02\/Nos-Thes-Signature-2-100x100.jpg 100w, https:\/\/larouteduthe.ca\/wp-content\/uploads\/2021\/02\/Nos-Thes-Signature-2-800x800.jpg 800w, https:\/\/larouteduthe.ca\/wp-content\/uploads\/2021\/02\/Nos-Thes-Signature-2-1024x1024.jpg 1024w, https:\/\/larouteduthe.ca\/wp-content\/uploads\/2021\/02\/Nos-Thes-Signature-2-280x280.jpg 280w, https:\/\/larouteduthe.ca\/wp-content\/uploads\/2021\/02\/Nos-Thes-Signature-2-768x768.jpg 768w, https:\/\/larouteduthe.ca\/wp-content\/uploads\/2021\/02\/Nos-Thes-Signature-2-1536x1536.jpg 1536w, https:\/\/larouteduthe.ca\/wp-content\/uploads\/2021\/02\/Nos-Thes-Signature-2.jpg 2048w, https:\/\/larouteduthe.ca\/wp-content\/uploads\/2021\/02\/Nos-Thes-Signature-2-400x400.jpg 400w, https:\/\/larouteduthe.ca\/wp-content\/uploads\/2021\/02\/Nos-Thes-Signature-2-512x512.jpg 512w\" sizes=\"(max-width: 960px) 100vw, 960px\" \/>\t\t<h2 class=\"woocommerce-loop-category__title\">\n\t\t\tNos Th\u00e9s Signatures<mark class=\"count\">19 produits<\/mark>\t\t<\/h2>\n\t\t<\/a><\/li>\n<li class=\"product-category product\">\n\t<a aria-label=\"Acc\u00e9der \u00e0 la cat\u00e9gorie de produits Th\u00e9 Noir\" href=\"https:\/\/larouteduthe.ca\/accueil\/categorie-produit\/par_couleur\/the-noir\/\"><img decoding=\"async\" src=\"https:\/\/larouteduthe.ca\/wp-content\/uploads\/2021\/03\/Nos-Thes-Noirs-960x960.jpg\" alt=\"Th\u00e9 Noir\" width=\"960\" height=\"\" srcset=\"https:\/\/larouteduthe.ca\/wp-content\/uploads\/2021\/03\/Nos-Thes-Noirs-960x960.jpg 960w, https:\/\/larouteduthe.ca\/wp-content\/uploads\/2021\/03\/Nos-Thes-Noirs-100x100.jpg 100w, https:\/\/larouteduthe.ca\/wp-content\/uploads\/2021\/03\/Nos-Thes-Noirs-800x800.jpg 800w, https:\/\/larouteduthe.ca\/wp-content\/uploads\/2021\/03\/Nos-Thes-Noirs-1024x1024.jpg 1024w, https:\/\/larouteduthe.ca\/wp-content\/uploads\/2021\/03\/Nos-Thes-Noirs-280x280.jpg 280w, https:\/\/larouteduthe.ca\/wp-content\/uploads\/2021\/03\/Nos-Thes-Noirs-768x768.jpg 768w, https:\/\/larouteduthe.ca\/wp-content\/uploads\/2021\/03\/Nos-Thes-Noirs-1536x1536.jpg 1536w, https:\/\/larouteduthe.ca\/wp-content\/uploads\/2021\/03\/Nos-Thes-Noirs.jpg 2048w, https:\/\/larouteduthe.ca\/wp-content\/uploads\/2021\/03\/Nos-Thes-Noirs-400x400.jpg 400w, https:\/\/larouteduthe.ca\/wp-content\/uploads\/2021\/03\/Nos-Thes-Noirs-512x512.jpg 512w\" sizes=\"(max-width: 960px) 100vw, 960px\" \/>\t\t<h2 class=\"woocommerce-loop-category__title\">\n\t\t\tTh\u00e9 Noir<mark class=\"count\">18 produits<\/mark>\t\t<\/h2>\n\t\t<\/a><\/li>\n<li class=\"product-category product last\">\n\t<a aria-label=\"Acc\u00e9der \u00e0 la cat\u00e9gorie de produits Th\u00e9 Oolong\" href=\"https:\/\/larouteduthe.ca\/accueil\/categorie-produit\/par_couleur\/the-oolong\/\"><img decoding=\"async\" src=\"https:\/\/larouteduthe.ca\/wp-content\/uploads\/2021\/03\/Nos-Thes-Oolongs-960x960.jpg\" alt=\"Th\u00e9 Oolong\" width=\"960\" height=\"\" srcset=\"https:\/\/larouteduthe.ca\/wp-content\/uploads\/2021\/03\/Nos-Thes-Oolongs-960x960.jpg 960w, https:\/\/larouteduthe.ca\/wp-content\/uploads\/2021\/03\/Nos-Thes-Oolongs-100x100.jpg 100w, https:\/\/larouteduthe.ca\/wp-content\/uploads\/2021\/03\/Nos-Thes-Oolongs-800x800.jpg 800w, https:\/\/larouteduthe.ca\/wp-content\/uploads\/2021\/03\/Nos-Thes-Oolongs-1024x1024.jpg 1024w, https:\/\/larouteduthe.ca\/wp-content\/uploads\/2021\/03\/Nos-Thes-Oolongs-280x280.jpg 280w, https:\/\/larouteduthe.ca\/wp-content\/uploads\/2021\/03\/Nos-Thes-Oolongs-768x768.jpg 768w, https:\/\/larouteduthe.ca\/wp-content\/uploads\/2021\/03\/Nos-Thes-Oolongs-1536x1536.jpg 1536w, https:\/\/larouteduthe.ca\/wp-content\/uploads\/2021\/03\/Nos-Thes-Oolongs.jpg 2048w, https:\/\/larouteduthe.ca\/wp-content\/uploads\/2021\/03\/Nos-Thes-Oolongs-400x400.jpg 400w, https:\/\/larouteduthe.ca\/wp-content\/uploads\/2021\/03\/Nos-Thes-Oolongs-512x512.jpg 512w\" sizes=\"(max-width: 960px) 100vw, 960px\" \/>\t\t<h2 class=\"woocommerce-loop-category__title\">\n\t\t\tTh\u00e9 Oolong<mark class=\"count\">4 produits<\/mark>\t\t<\/h2>\n\t\t<\/a><\/li>\n<li class=\"product-category product first\">\n\t<a aria-label=\"Acc\u00e9der \u00e0 la cat\u00e9gorie de produits S\u00e9lection d&#039;Infusions\" href=\"https:\/\/larouteduthe.ca\/accueil\/categorie-produit\/selection_d-infusions\/\"><img decoding=\"async\" src=\"https:\/\/larouteduthe.ca\/wp-content\/uploads\/2021\/02\/Selection-dInfusions-960x960.jpg\" alt=\"S\u00e9lection d&#039;Infusions\" width=\"960\" height=\"\" srcset=\"https:\/\/larouteduthe.ca\/wp-content\/uploads\/2021\/02\/Selection-dInfusions-960x960.jpg 960w, https:\/\/larouteduthe.ca\/wp-content\/uploads\/2021\/02\/Selection-dInfusions-100x100.jpg 100w, https:\/\/larouteduthe.ca\/wp-content\/uploads\/2021\/02\/Selection-dInfusions-800x800.jpg 800w, https:\/\/larouteduthe.ca\/wp-content\/uploads\/2021\/02\/Selection-dInfusions-1024x1024.jpg 1024w, https:\/\/larouteduthe.ca\/wp-content\/uploads\/2021\/02\/Selection-dInfusions-280x280.jpg 280w, https:\/\/larouteduthe.ca\/wp-content\/uploads\/2021\/02\/Selection-dInfusions-768x768.jpg 768w, https:\/\/larouteduthe.ca\/wp-content\/uploads\/2021\/02\/Selection-dInfusions-1536x1536.jpg 1536w, https:\/\/larouteduthe.ca\/wp-content\/uploads\/2021\/02\/Selection-dInfusions.jpg 2048w, https:\/\/larouteduthe.ca\/wp-content\/uploads\/2021\/02\/Selection-dInfusions-400x400.jpg 400w, https:\/\/larouteduthe.ca\/wp-content\/uploads\/2021\/02\/Selection-dInfusions-512x512.jpg 512w\" sizes=\"(max-width: 960px) 100vw, 960px\" \/>\t\t<h2 class=\"woocommerce-loop-category__title\">\n\t\t\tS\u00e9lection d&#039;Infusions<mark class=\"count\">37 produits<\/mark>\t\t<\/h2>\n\t\t<\/a><\/li>\n<li class=\"product-category product\">\n\t<a aria-label=\"Acc\u00e9der \u00e0 la cat\u00e9gorie de produits Th\u00e9 Blanc\" href=\"https:\/\/larouteduthe.ca\/accueil\/categorie-produit\/par_couleur\/the-blanc\/\"><img decoding=\"async\" src=\"https:\/\/larouteduthe.ca\/wp-content\/uploads\/2021\/03\/Notre-The-Blanc-960x960.jpg\" alt=\"Th\u00e9 Blanc\" width=\"960\" height=\"\" srcset=\"https:\/\/larouteduthe.ca\/wp-content\/uploads\/2021\/03\/Notre-The-Blanc-960x960.jpg 960w, https:\/\/larouteduthe.ca\/wp-content\/uploads\/2021\/03\/Notre-The-Blanc-100x100.jpg 100w, https:\/\/larouteduthe.ca\/wp-content\/uploads\/2021\/03\/Notre-The-Blanc-800x800.jpg 800w, https:\/\/larouteduthe.ca\/wp-content\/uploads\/2021\/03\/Notre-The-Blanc-1024x1024.jpg 1024w, https:\/\/larouteduthe.ca\/wp-content\/uploads\/2021\/03\/Notre-The-Blanc-280x280.jpg 280w, https:\/\/larouteduthe.ca\/wp-content\/uploads\/2021\/03\/Notre-The-Blanc-768x768.jpg 768w, https:\/\/larouteduthe.ca\/wp-content\/uploads\/2021\/03\/Notre-The-Blanc-1536x1536.jpg 1536w, https:\/\/larouteduthe.ca\/wp-content\/uploads\/2021\/03\/Notre-The-Blanc.jpg 2048w, https:\/\/larouteduthe.ca\/wp-content\/uploads\/2021\/03\/Notre-The-Blanc-400x400.jpg 400w, https:\/\/larouteduthe.ca\/wp-content\/uploads\/2021\/03\/Notre-The-Blanc-512x512.jpg 512w\" sizes=\"(max-width: 960px) 100vw, 960px\" \/>\t\t<h2 class=\"woocommerce-loop-category__title\">\n\t\t\tTh\u00e9 Blanc<mark class=\"count\">1 produit<\/mark>\t\t<\/h2>\n\t\t<\/a><\/li>\n<li class=\"product-category product\">\n\t<a aria-label=\"Acc\u00e9der \u00e0 la cat\u00e9gorie de produits Class\u00e9s par \u00abCouleurs\u00bb\" href=\"https:\/\/larouteduthe.ca\/accueil\/categorie-produit\/par_couleur\/\"><img decoding=\"async\" src=\"https:\/\/larouteduthe.ca\/wp-content\/uploads\/2021\/02\/Classes-par-Couleurs-960x960.jpg\" alt=\"Class\u00e9s par \u00abCouleurs\u00bb\" width=\"960\" height=\"\" srcset=\"https:\/\/larouteduthe.ca\/wp-content\/uploads\/2021\/02\/Classes-par-Couleurs-960x960.jpg 960w, https:\/\/larouteduthe.ca\/wp-content\/uploads\/2021\/02\/Classes-par-Couleurs-100x100.jpg 100w, https:\/\/larouteduthe.ca\/wp-content\/uploads\/2021\/02\/Classes-par-Couleurs-800x800.jpg 800w, https:\/\/larouteduthe.ca\/wp-content\/uploads\/2021\/02\/Classes-par-Couleurs-1024x1024.jpg 1024w, https:\/\/larouteduthe.ca\/wp-content\/uploads\/2021\/02\/Classes-par-Couleurs-280x280.jpg 280w, https:\/\/larouteduthe.ca\/wp-content\/uploads\/2021\/02\/Classes-par-Couleurs-768x768.jpg 768w, https:\/\/larouteduthe.ca\/wp-content\/uploads\/2021\/02\/Classes-par-Couleurs-1536x1536.jpg 1536w, https:\/\/larouteduthe.ca\/wp-content\/uploads\/2021\/02\/Classes-par-Couleurs.jpg 2048w, https:\/\/larouteduthe.ca\/wp-content\/uploads\/2021\/02\/Classes-par-Couleurs-400x400.jpg 400w, https:\/\/larouteduthe.ca\/wp-content\/uploads\/2021\/02\/Classes-par-Couleurs-512x512.jpg 512w\" sizes=\"(max-width: 960px) 100vw, 960px\" \/>\t\t<h2 class=\"woocommerce-loop-category__title\">\n\t\t\tClass\u00e9s par \u00abCouleurs\u00bb<mark class=\"count\">56 produits<\/mark>\t\t<\/h2>\n\t\t<\/a><\/li>\n<li class=\"product-category product last\">\n\t<a aria-label=\"Acc\u00e9der \u00e0 la cat\u00e9gorie de produits Herbes et Tisanes\" href=\"https:\/\/larouteduthe.ca\/accueil\/categorie-produit\/par_couleur\/tisanes\/\"><img decoding=\"async\" src=\"https:\/\/larouteduthe.ca\/wp-content\/uploads\/2021\/03\/Nos-Herbes-et-Tisanes-960x960.jpg\" alt=\"Herbes et Tisanes\" width=\"960\" height=\"\" srcset=\"https:\/\/larouteduthe.ca\/wp-content\/uploads\/2021\/03\/Nos-Herbes-et-Tisanes-960x960.jpg 960w, https:\/\/larouteduthe.ca\/wp-content\/uploads\/2021\/03\/Nos-Herbes-et-Tisanes-100x100.jpg 100w, https:\/\/larouteduthe.ca\/wp-content\/uploads\/2021\/03\/Nos-Herbes-et-Tisanes-800x800.jpg 800w, https:\/\/larouteduthe.ca\/wp-content\/uploads\/2021\/03\/Nos-Herbes-et-Tisanes-1024x1024.jpg 1024w, https:\/\/larouteduthe.ca\/wp-content\/uploads\/2021\/03\/Nos-Herbes-et-Tisanes-280x280.jpg 280w, https:\/\/larouteduthe.ca\/wp-content\/uploads\/2021\/03\/Nos-Herbes-et-Tisanes-768x768.jpg 768w, https:\/\/larouteduthe.ca\/wp-content\/uploads\/2021\/03\/Nos-Herbes-et-Tisanes-1536x1536.jpg 1536w, https:\/\/larouteduthe.ca\/wp-content\/uploads\/2021\/03\/Nos-Herbes-et-Tisanes-400x400.jpg 400w, https:\/\/larouteduthe.ca\/wp-content\/uploads\/2021\/03\/Nos-Herbes-et-Tisanes-512x512.jpg 512w, https:\/\/larouteduthe.ca\/wp-content\/uploads\/2021\/03\/Nos-Herbes-et-Tisanes.jpg 2047w\" sizes=\"(max-width: 960px) 100vw, 960px\" \/>\t\t<h2 class=\"woocommerce-loop-category__title\">\n\t\t\tHerbes et Tisanes<mark class=\"count\">8 produits<\/mark>\t\t<\/h2>\n\t\t<\/a><\/li>\n<li class=\"product-category product first\">\n\t<a aria-label=\"Acc\u00e9der \u00e0 la cat\u00e9gorie de produits Section Cadeaux\" href=\"https:\/\/larouteduthe.ca\/accueil\/categorie-produit\/section-cadeaux\/\"><img decoding=\"async\" src=\"https:\/\/larouteduthe.ca\/wp-content\/uploads\/2021\/10\/Emballages-Cadeaux-960x960.jpg\" alt=\"Section Cadeaux\" width=\"960\" height=\"\" srcset=\"https:\/\/larouteduthe.ca\/wp-content\/uploads\/2021\/10\/Emballages-Cadeaux-960x960.jpg 960w, https:\/\/larouteduthe.ca\/wp-content\/uploads\/2021\/10\/Emballages-Cadeaux-100x100.jpg 100w, https:\/\/larouteduthe.ca\/wp-content\/uploads\/2021\/10\/Emballages-Cadeaux-800x800.jpg 800w, https:\/\/larouteduthe.ca\/wp-content\/uploads\/2021\/10\/Emballages-Cadeaux-1024x1024.jpg 1024w, https:\/\/larouteduthe.ca\/wp-content\/uploads\/2021\/10\/Emballages-Cadeaux-280x280.jpg 280w, https:\/\/larouteduthe.ca\/wp-content\/uploads\/2021\/10\/Emballages-Cadeaux-768x768.jpg 768w, https:\/\/larouteduthe.ca\/wp-content\/uploads\/2021\/10\/Emballages-Cadeaux-1536x1536.jpg 1536w, https:\/\/larouteduthe.ca\/wp-content\/uploads\/2021\/10\/Emballages-Cadeaux-400x400.jpg 400w, https:\/\/larouteduthe.ca\/wp-content\/uploads\/2021\/10\/Emballages-Cadeaux-512x512.jpg 512w, https:\/\/larouteduthe.ca\/wp-content\/uploads\/2021\/10\/Emballages-Cadeaux.jpg 2048w\" sizes=\"(max-width: 960px) 100vw, 960px\" \/>\t\t<h2 class=\"woocommerce-loop-category__title\">\n\t\t\tSection Cadeaux<mark class=\"count\">4 produits<\/mark>\t\t<\/h2>\n\t\t<\/a><\/li>\n<\/ul>\n<\/div>\n","protected":false},"excerpt":{"rendered":"","protected":false},"author":1,"featured_media":0,"parent":0,"menu_order":0,"comment_status":"closed","ping_status":"closed","template":"","meta":{"site-sidebar-layout":"default","site-content-layout":"default","ast-site-content-layout":"default","site-content-style":"default","site-sidebar-style":"default","ast-global-header-display":"","ast-banner-title-visibility":"","ast-main-header-display":"","ast-hfb-above-header-display":"","ast-hfb-below-header-display":"","ast-hfb-mobile-header-display":"","site-post-title":"","ast-breadcrumbs-content":"","ast-featured-img":"","footer-sml-layout":"","ast-disable-related-posts":"","theme-transparent-header-meta":"default","adv-header-id-meta":"","stick-header-meta":"","header-above-stick-meta":"","header-main-stick-meta":"","header-below-stick-meta":"","astra-migrate-meta-layouts":"default","ast-page-background-enabled":"default","ast-page-background-meta":{"desktop":{"background-color":"","background-image":"","background-repeat":"repeat","background-position":"center center","background-size":"auto","background-attachment":"scroll","background-type":"","background-media":"","overlay-type":"","overlay-color":"","overlay-opacity":"","overlay-gradient":""},"tablet":{"background-color":"","background-image":"","background-repeat":"repeat","background-position":"center center","background-size":"auto","background-attachment":"scroll","background-type":"","background-media":"","overlay-type":"","overlay-color":"","overlay-opacity":"","overlay-gradient":""},"mobile":{"background-color":"","background-image":"","background-repeat":"repeat","background-position":"center center","background-size":"auto","background-attachment":"scroll","background-type":"","background-media":"","overlay-type":"","overlay-color":"","overlay-opacity":"","overlay-gradient":""}},"ast-content-background-meta":{"desktop":{"background-color":"var(--ast-global-color-5)","background-image":"","background-repeat":"repeat","background-position":"center center","background-size":"auto","background-attachment":"scroll","background-type":"","background-media":"","overlay-type":"","overlay-color":"","overlay-opacity":"","overlay-gradient":""},"tablet":{"background-color":"var(--ast-global-color-5)","background-image":"","background-repeat":"repeat","background-position":"center center","background-size":"auto","background-attachment":"scroll","background-type":"","background-media":"","overlay-type":"","overlay-color":"","overlay-opacity":"","overlay-gradient":""},"mobile":{"background-color":"var(--ast-global-color-5)","background-image":"","background-repeat":"repeat","background-position":"center center","background-size":"auto","background-attachment":"scroll","background-type":"","background-media":"","overlay-type":"","overlay-color":"","overlay-opacity":"","overlay-gradient":""}},"footnotes":""},"class_list":["post-429","page","type-page","status-publish","hentry"],"yoast_head":"<!-- This site is optimized with the Yoast SEO plugin v27.5 - https:\/\/yoast.com\/product\/yoast-seo-wordpress\/ -->\n<title>La Route du Th\u00e9 - Th\u00e9s &amp; Infusions<\/title>\n<meta name=\"description\" content=\"Vous trouverez ici toute notre s\u00e9lection de th\u00e9s class\u00e9e dans divers cat\u00e9gories. Une vaste gamme de saveurs offertes \u00e0 un tr\u00e8s bon prix !\" \/>\n<meta name=\"robots\" content=\"index, follow, max-snippet:-1, max-image-preview:large, max-video-preview:-1\" \/>\n<link rel=\"canonical\" href=\"https:\/\/larouteduthe.ca\/accueil\/nos-thes\/\" \/>\n<meta property=\"og:locale\" content=\"fr_FR\" \/>\n<meta property=\"og:type\" content=\"article\" \/>\n<meta property=\"og:title\" content=\"La Route du Th\u00e9 - Th\u00e9s &amp; Infusions\" \/>\n<meta property=\"og:description\" content=\"Vous trouverez ici toute notre s\u00e9lection de th\u00e9s class\u00e9e dans divers cat\u00e9gories. Une vaste gamme de saveurs offertes \u00e0 un tr\u00e8s bon prix !\" \/>\n<meta property=\"og:url\" content=\"https:\/\/larouteduthe.ca\/accueil\/nos-thes\/\" \/>\n<meta property=\"og:site_name\" content=\"La Route du Th\u00e9\" \/>\n<meta property=\"article:modified_time\" content=\"2021-03-01T15:58:07+00:00\" \/>\n<meta name=\"twitter:card\" content=\"summary_large_image\" \/>\n<meta name=\"twitter:label1\" content=\"Dur\u00e9e de lecture estim\u00e9e\" \/>\n\t<meta name=\"twitter:data1\" content=\"1 minute\" \/>\n<script type=\"application\/ld+json\" class=\"yoast-schema-graph\">{\"@context\":\"https:\\\/\\\/schema.org\",\"@graph\":[{\"@type\":\"WebPage\",\"@id\":\"https:\\\/\\\/larouteduthe.ca\\\/accueil\\\/nos-thes\\\/\",\"url\":\"https:\\\/\\\/larouteduthe.ca\\\/accueil\\\/nos-thes\\\/\",\"name\":\"La Route du Th\u00e9 - Th\u00e9s & Infusions\",\"isPartOf\":{\"@id\":\"https:\\\/\\\/larouteduthe.ca\\\/accueil\\\/#website\"},\"datePublished\":\"2020-10-20T06:18:59+00:00\",\"dateModified\":\"2021-03-01T15:58:07+00:00\",\"description\":\"Vous trouverez ici toute notre s\u00e9lection de th\u00e9s class\u00e9e dans divers cat\u00e9gories. Une vaste gamme de saveurs offertes \u00e0 un tr\u00e8s bon prix !\",\"breadcrumb\":{\"@id\":\"https:\\\/\\\/larouteduthe.ca\\\/accueil\\\/nos-thes\\\/#breadcrumb\"},\"inLanguage\":\"fr-FR\",\"potentialAction\":[{\"@type\":\"ReadAction\",\"target\":[\"https:\\\/\\\/larouteduthe.ca\\\/accueil\\\/nos-thes\\\/\"]}]},{\"@type\":\"BreadcrumbList\",\"@id\":\"https:\\\/\\\/larouteduthe.ca\\\/accueil\\\/nos-thes\\\/#breadcrumb\",\"itemListElement\":[{\"@type\":\"ListItem\",\"position\":1,\"name\":\"Accueil\",\"item\":\"https:\\\/\\\/larouteduthe.ca\\\/accueil\\\/\"},{\"@type\":\"ListItem\",\"position\":2,\"name\":\"Th\u00e9s &#038; Infusions\"}]},{\"@type\":\"WebSite\",\"@id\":\"https:\\\/\\\/larouteduthe.ca\\\/accueil\\\/#website\",\"url\":\"https:\\\/\\\/larouteduthe.ca\\\/accueil\\\/\",\"name\":\"La Route du Th\u00e9\",\"description\":\"Boutique de Th\u00e9 en ligne\",\"publisher\":{\"@id\":\"https:\\\/\\\/larouteduthe.ca\\\/accueil\\\/#organization\"},\"potentialAction\":[{\"@type\":\"SearchAction\",\"target\":{\"@type\":\"EntryPoint\",\"urlTemplate\":\"https:\\\/\\\/larouteduthe.ca\\\/accueil\\\/?s={search_term_string}\"},\"query-input\":{\"@type\":\"PropertyValueSpecification\",\"valueRequired\":true,\"valueName\":\"search_term_string\"}}],\"inLanguage\":\"fr-FR\"},{\"@type\":\"Organization\",\"@id\":\"https:\\\/\\\/larouteduthe.ca\\\/accueil\\\/#organization\",\"name\":\"La Route du Th\u00e9\",\"url\":\"https:\\\/\\\/larouteduthe.ca\\\/accueil\\\/\",\"logo\":{\"@type\":\"ImageObject\",\"inLanguage\":\"fr-FR\",\"@id\":\"https:\\\/\\\/larouteduthe.ca\\\/accueil\\\/#\\\/schema\\\/logo\\\/image\\\/\",\"url\":\"https:\\\/\\\/larouteduthe.ca\\\/wp-content\\\/uploads\\\/2021\\\/02\\\/Signature-Site-scaled.jpg\",\"contentUrl\":\"https:\\\/\\\/larouteduthe.ca\\\/wp-content\\\/uploads\\\/2021\\\/02\\\/Signature-Site-scaled.jpg\",\"width\":2560,\"height\":316,\"caption\":\"La Route du Th\u00e9\"},\"image\":{\"@id\":\"https:\\\/\\\/larouteduthe.ca\\\/accueil\\\/#\\\/schema\\\/logo\\\/image\\\/\"},\"sameAs\":[\"https:\\\/\\\/www.instagram.com\\\/la_route_du_the\\\/\"]}]}<\/script>\n<!-- \/ Yoast SEO plugin. -->","yoast_head_json":{"title":"La Route du Th\u00e9 - Th\u00e9s & Infusions","description":"Vous trouverez ici toute notre s\u00e9lection de th\u00e9s class\u00e9e dans divers cat\u00e9gories. Une vaste gamme de saveurs offertes \u00e0 un tr\u00e8s bon prix !","robots":{"index":"index","follow":"follow","max-snippet":"max-snippet:-1","max-image-preview":"max-image-preview:large","max-video-preview":"max-video-preview:-1"},"canonical":"https:\/\/larouteduthe.ca\/accueil\/nos-thes\/","og_locale":"fr_FR","og_type":"article","og_title":"La Route du Th\u00e9 - Th\u00e9s & Infusions","og_description":"Vous trouverez ici toute notre s\u00e9lection de th\u00e9s class\u00e9e dans divers cat\u00e9gories. Une vaste gamme de saveurs offertes \u00e0 un tr\u00e8s bon prix !","og_url":"https:\/\/larouteduthe.ca\/accueil\/nos-thes\/","og_site_name":"La Route du Th\u00e9","article_modified_time":"2021-03-01T15:58:07+00:00","twitter_card":"summary_large_image","twitter_misc":{"Dur\u00e9e de lecture estim\u00e9e":"1 minute"},"schema":{"@context":"https:\/\/schema.org","@graph":[{"@type":"WebPage","@id":"https:\/\/larouteduthe.ca\/accueil\/nos-thes\/","url":"https:\/\/larouteduthe.ca\/accueil\/nos-thes\/","name":"La Route du Th\u00e9 - Th\u00e9s & Infusions","isPartOf":{"@id":"https:\/\/larouteduthe.ca\/accueil\/#website"},"datePublished":"2020-10-20T06:18:59+00:00","dateModified":"2021-03-01T15:58:07+00:00","description":"Vous trouverez ici toute notre s\u00e9lection de th\u00e9s class\u00e9e dans divers cat\u00e9gories. Une vaste gamme de saveurs offertes \u00e0 un tr\u00e8s bon prix !","breadcrumb":{"@id":"https:\/\/larouteduthe.ca\/accueil\/nos-thes\/#breadcrumb"},"inLanguage":"fr-FR","potentialAction":[{"@type":"ReadAction","target":["https:\/\/larouteduthe.ca\/accueil\/nos-thes\/"]}]},{"@type":"BreadcrumbList","@id":"https:\/\/larouteduthe.ca\/accueil\/nos-thes\/#breadcrumb","itemListElement":[{"@type":"ListItem","position":1,"name":"Accueil","item":"https:\/\/larouteduthe.ca\/accueil\/"},{"@type":"ListItem","position":2,"name":"Th\u00e9s &#038; Infusions"}]},{"@type":"WebSite","@id":"https:\/\/larouteduthe.ca\/accueil\/#website","url":"https:\/\/larouteduthe.ca\/accueil\/","name":"La Route du Th\u00e9","description":"Boutique de Th\u00e9 en ligne","publisher":{"@id":"https:\/\/larouteduthe.ca\/accueil\/#organization"},"potentialAction":[{"@type":"SearchAction","target":{"@type":"EntryPoint","urlTemplate":"https:\/\/larouteduthe.ca\/accueil\/?s={search_term_string}"},"query-input":{"@type":"PropertyValueSpecification","valueRequired":true,"valueName":"search_term_string"}}],"inLanguage":"fr-FR"},{"@type":"Organization","@id":"https:\/\/larouteduthe.ca\/accueil\/#organization","name":"La Route du Th\u00e9","url":"https:\/\/larouteduthe.ca\/accueil\/","logo":{"@type":"ImageObject","inLanguage":"fr-FR","@id":"https:\/\/larouteduthe.ca\/accueil\/#\/schema\/logo\/image\/","url":"https:\/\/larouteduthe.ca\/wp-content\/uploads\/2021\/02\/Signature-Site-scaled.jpg","contentUrl":"https:\/\/larouteduthe.ca\/wp-content\/uploads\/2021\/02\/Signature-Site-scaled.jpg","width":2560,"height":316,"caption":"La Route du Th\u00e9"},"image":{"@id":"https:\/\/larouteduthe.ca\/accueil\/#\/schema\/logo\/image\/"},"sameAs":["https:\/\/www.instagram.com\/la_route_du_the\/"]}]}},"_links":{"self":[{"href":"https:\/\/larouteduthe.ca\/accueil\/wp-json\/wp\/v2\/pages\/429","targetHints":{"allow":["GET"]}}],"collection":[{"href":"https:\/\/larouteduthe.ca\/accueil\/wp-json\/wp\/v2\/pages"}],"about":[{"href":"https:\/\/larouteduthe.ca\/accueil\/wp-json\/wp\/v2\/types\/page"}],"author":[{"embeddable":true,"href":"https:\/\/larouteduthe.ca\/accueil\/wp-json\/wp\/v2\/users\/1"}],"replies":[{"embeddable":true,"href":"https:\/\/larouteduthe.ca\/accueil\/wp-json\/wp\/v2\/comments?post=429"}],"version-history":[{"count":3,"href":"https:\/\/larouteduthe.ca\/accueil\/wp-json\/wp\/v2\/pages\/429\/revisions"}],"predecessor-version":[{"id":2118,"href":"https:\/\/larouteduthe.ca\/accueil\/wp-json\/wp\/v2\/pages\/429\/revisions\/2118"}],"wp:attachment":[{"href":"https:\/\/larouteduthe.ca\/accueil\/wp-json\/wp\/v2\/media?parent=429"}],"curies":[{"name":"wp","href":"https:\/\/api.w.org\/{rel}","templated":true}]}}