{"id":2193,"date":"2021-04-25T19:40:40","date_gmt":"2021-04-25T19:40:40","guid":{"rendered":"https:\/\/larouteduthe.ca\/accueil\/?page_id=2193"},"modified":"2026-04-06T04:19:54","modified_gmt":"2026-04-06T04:19:54","slug":"promotion","status":"publish","type":"page","link":"https:\/\/larouteduthe.ca\/accueil\/promotion\/","title":{"rendered":"Promotion"},"content":{"rendered":"\n<h2 class=\"wp-block-heading\" id=\"nouvelle-promo\">Nouvelle Promo<\/h2>\n\n\n\n<h2 class=\"wp-block-heading has-text-color\" id=\"un-the-vedette-a-chaque-mois\" style=\"color:#09861d\"><em>Un th\u00e9 vedette \u00e0 chaque mois!<\/em><\/h2>\n\n\n\n<p class=\"has-text-color has-medium-font-size\" style=\"color:#108929\">Vous pourrez dor\u00e9navant profiter d&rsquo;un rabais de 5$ sur les formats de 500g, de 10$ pour un 1 kg et de 20$ sur le 2 kg !<\/p>\n\n\n\n<p class=\"has-text-color has-medium-font-size\" style=\"color:#0f8326\"> Cela vous permettra de d\u00e9couvrir notre ligne de th\u00e9 et toute la diversit\u00e9 de nos m\u00e9langes.<\/p>\n\n\n\n<div style=\"height:6px\" aria-hidden=\"true\" class=\"wp-block-spacer\"><\/div>\n\n\n\n<div style=\"height:23px\" aria-hidden=\"true\" class=\"wp-block-spacer\"><\/div>\n\n\n\n<p class=\"has-ast-global-color-0-color has-text-color has-link-color has-large-font-size wp-elements-40a3adbc566107a4504639de0e135d9a\"><strong>Notre th\u00e9 vedette du mois d&rsquo;avril est:<\/strong><\/p>\n\n\n\n<div style=\"height:16px\" aria-hidden=\"true\" class=\"wp-block-spacer\"><\/div>\n\n\n\n<figure class=\"wp-block-image size-full is-style-default\" id=\"https:\/\/larouteduthe.ca\/accueil\/produit\/les-chics-chocs\/\"><img loading=\"lazy\" decoding=\"async\" width=\"600\" height=\"800\" src=\"https:\/\/larouteduthe.ca\/wp-content\/uploads\/2025\/01\/LAcadie-Promotion.jpg\" alt=\"\" class=\"wp-image-4370\" srcset=\"https:\/\/larouteduthe.ca\/wp-content\/uploads\/2025\/01\/LAcadie-Promotion.jpg 600w, https:\/\/larouteduthe.ca\/wp-content\/uploads\/2025\/01\/LAcadie-Promotion-18x24.jpg 18w, https:\/\/larouteduthe.ca\/wp-content\/uploads\/2025\/01\/LAcadie-Promotion-27x36.jpg 27w, https:\/\/larouteduthe.ca\/wp-content\/uploads\/2025\/01\/LAcadie-Promotion-36x48.jpg 36w, https:\/\/larouteduthe.ca\/wp-content\/uploads\/2025\/01\/LAcadie-Promotion-512x683.jpg 512w\" sizes=\"auto, (max-width: 600px) 100vw, 600px\" \/><\/figure>\n\n\n\n<div style=\"height:52px\" aria-hidden=\"true\" class=\"wp-block-spacer\"><\/div>\n\n\n\n<p class=\"has-text-color has-medium-font-size\" style=\"color:#0c6e20\">Pour profiter de cette promotion, il vous suffira d&rsquo;entrer le code correspondant ci-dessous au moment de votre commande avant la fin du mois:&nbsp; <\/p>\n\n\n\n<div style=\"height:29px\" aria-hidden=\"true\" class=\"wp-block-spacer\"><\/div>\n\n\n\n<h2 class=\"wp-block-heading has-text-align-left has-vivid-green-cyan-color has-text-color has-large-font-size\" id=\"fevrier5-pour-le-500g\"><strong>avril5 <em>pour le 500g<\/em><\/strong><\/h2>\n\n\n\n<h2 class=\"wp-block-heading has-text-align-left has-vivid-purple-color has-text-color has-large-font-size\" id=\"fevrier10-pour-le-1kg\"><strong>avril10 <em>pour le 1kg<\/em><\/strong><\/h2>\n\n\n\n<h2 class=\"wp-block-heading has-text-align-left has-luminous-vivid-amber-color has-text-color has-large-font-size\" id=\"fevrier20-pour-le-2kg\"><strong>avril20 <em>pour le 2kg<\/em><\/strong><\/h2>\n\n\n\n<div style=\"height:7px\" aria-hidden=\"true\" class=\"wp-block-spacer\"><\/div>\n\n\n\n<p class=\"has-ast-global-color-0-color has-text-color\" style=\"font-size:24px\">L&rsquo;\u00e9quipe de <strong>La Route du Th\u00e9<\/strong> tient \u00e0 vous souhaiter une belle ann\u00e9e 2026 !<\/p>\n\n\n\n<p><\/p>\n","protected":false},"excerpt":{"rendered":"<p>Nouvelle Promo Un th\u00e9 vedette \u00e0 chaque mois! Vous pourrez dor\u00e9navant profiter d&rsquo;un rabais de 5$ sur les formats de 500g, de 10$ pour un 1 kg et de 20$ sur le 2 kg ! Cela vous permettra de d\u00e9couvrir notre ligne de th\u00e9 et toute la diversit\u00e9 de nos m\u00e9langes. Notre th\u00e9 vedette du [&hellip;]<\/p>\n","protected":false},"author":1,"featured_media":0,"parent":0,"menu_order":0,"comment_status":"closed","ping_status":"closed","template":"","meta":{"site-sidebar-layout":"default","site-content-layout":"default","ast-site-content-layout":"default","site-content-style":"default","site-sidebar-style":"default","ast-global-header-display":"","ast-banner-title-visibility":"","ast-main-header-display":"","ast-hfb-above-header-display":"","ast-hfb-below-header-display":"","ast-hfb-mobile-header-display":"","site-post-title":"disabled","ast-breadcrumbs-content":"","ast-featured-img":"disabled","footer-sml-layout":"","ast-disable-related-posts":"","theme-transparent-header-meta":"default","adv-header-id-meta":"","stick-header-meta":"","header-above-stick-meta":"","header-main-stick-meta":"","header-below-stick-meta":"","astra-migrate-meta-layouts":"set","ast-page-background-enabled":"default","ast-page-background-meta":{"desktop":{"background-color":"","background-image":"","background-repeat":"repeat","background-position":"center center","background-size":"auto","background-attachment":"scroll","background-type":"","background-media":"","overlay-type":"","overlay-color":"","overlay-opacity":"","overlay-gradient":""},"tablet":{"background-color":"","background-image":"","background-repeat":"repeat","background-position":"center center","background-size":"auto","background-attachment":"scroll","background-type":"","background-media":"","overlay-type":"","overlay-color":"","overlay-opacity":"","overlay-gradient":""},"mobile":{"background-color":"","background-image":"","background-repeat":"repeat","background-position":"center center","background-size":"auto","background-attachment":"scroll","background-type":"","background-media":"","overlay-type":"","overlay-color":"","overlay-opacity":"","overlay-gradient":""}},"ast-content-background-meta":{"desktop":{"background-color":"var(--ast-global-color-5)","background-image":"","background-repeat":"repeat","background-position":"center center","background-size":"auto","background-attachment":"scroll","background-type":"","background-media":"","overlay-type":"","overlay-color":"","overlay-opacity":"","overlay-gradient":""},"tablet":{"background-color":"var(--ast-global-color-5)","background-image":"","background-repeat":"repeat","background-position":"center center","background-size":"auto","background-attachment":"scroll","background-type":"","background-media":"","overlay-type":"","overlay-color":"","overlay-opacity":"","overlay-gradient":""},"mobile":{"background-color":"var(--ast-global-color-5)","background-image":"","background-repeat":"repeat","background-position":"center center","background-size":"auto","background-attachment":"scroll","background-type":"","background-media":"","overlay-type":"","overlay-color":"","overlay-opacity":"","overlay-gradient":""}},"footnotes":""},"class_list":["post-2193","page","type-page","status-publish","hentry"],"yoast_head":"<!-- This site is optimized with the Yoast SEO plugin v27.6 - https:\/\/yoast.com\/product\/yoast-seo-wordpress\/ -->\n<title>Promotion - La Route du Th\u00e9<\/title>\n<meta name=\"description\" content=\"Voici notre th\u00e9 en vedette pour le mois ! Profitez d&#039;un rabais sur les sacs de 500g, 1kg et 2kg en utilisant nos codes secrets.\" \/>\n<meta name=\"robots\" content=\"index, follow, max-snippet:-1, max-image-preview:large, max-video-preview:-1\" \/>\n<link rel=\"canonical\" href=\"https:\/\/larouteduthe.ca\/accueil\/promotion\/\" \/>\n<meta property=\"og:locale\" content=\"fr_FR\" \/>\n<meta property=\"og:type\" content=\"article\" \/>\n<meta property=\"og:title\" content=\"Promotion - La Route du Th\u00e9\" \/>\n<meta property=\"og:description\" content=\"Voici notre th\u00e9 en vedette pour le mois ! Profitez d&#039;un rabais sur les sacs de 500g, 1kg et 2kg en utilisant nos codes secrets.\" \/>\n<meta property=\"og:url\" content=\"https:\/\/larouteduthe.ca\/accueil\/promotion\/\" \/>\n<meta property=\"og:site_name\" content=\"La Route du Th\u00e9\" \/>\n<meta property=\"article:modified_time\" content=\"2026-04-06T04:19:54+00:00\" \/>\n<meta property=\"og:image\" content=\"https:\/\/larouteduthe.ca\/wp-content\/uploads\/2025\/01\/LAcadie-Promotion.jpg\" \/>\n\t<meta property=\"og:image:width\" content=\"600\" \/>\n\t<meta property=\"og:image:height\" content=\"800\" \/>\n\t<meta property=\"og:image:type\" content=\"image\/jpeg\" \/>\n<meta name=\"twitter:card\" content=\"summary_large_image\" \/>\n<meta name=\"twitter:label1\" content=\"Dur\u00e9e de lecture estim\u00e9e\" \/>\n\t<meta name=\"twitter:data1\" content=\"1 minute\" \/>\n<script type=\"application\/ld+json\" class=\"yoast-schema-graph\">{\"@context\":\"https:\\\/\\\/schema.org\",\"@graph\":[{\"@type\":\"WebPage\",\"@id\":\"https:\\\/\\\/larouteduthe.ca\\\/accueil\\\/promotion\\\/\",\"url\":\"https:\\\/\\\/larouteduthe.ca\\\/accueil\\\/promotion\\\/\",\"name\":\"Promotion - La Route du Th\u00e9\",\"isPartOf\":{\"@id\":\"https:\\\/\\\/larouteduthe.ca\\\/accueil\\\/#website\"},\"primaryImageOfPage\":{\"@id\":\"https:\\\/\\\/larouteduthe.ca\\\/accueil\\\/promotion\\\/#primaryimage\"},\"image\":{\"@id\":\"https:\\\/\\\/larouteduthe.ca\\\/accueil\\\/promotion\\\/#primaryimage\"},\"thumbnailUrl\":\"https:\\\/\\\/larouteduthe.ca\\\/wp-content\\\/uploads\\\/2025\\\/01\\\/LAcadie-Promotion.jpg\",\"datePublished\":\"2021-04-25T19:40:40+00:00\",\"dateModified\":\"2026-04-06T04:19:54+00:00\",\"description\":\"Voici notre th\u00e9 en vedette pour le mois ! Profitez d'un rabais sur les sacs de 500g, 1kg et 2kg en utilisant nos codes secrets.\",\"breadcrumb\":{\"@id\":\"https:\\\/\\\/larouteduthe.ca\\\/accueil\\\/promotion\\\/#breadcrumb\"},\"inLanguage\":\"fr-FR\",\"potentialAction\":[{\"@type\":\"ReadAction\",\"target\":[\"https:\\\/\\\/larouteduthe.ca\\\/accueil\\\/promotion\\\/\"]}]},{\"@type\":\"ImageObject\",\"inLanguage\":\"fr-FR\",\"@id\":\"https:\\\/\\\/larouteduthe.ca\\\/accueil\\\/promotion\\\/#primaryimage\",\"url\":\"https:\\\/\\\/larouteduthe.ca\\\/wp-content\\\/uploads\\\/2025\\\/01\\\/LAcadie-Promotion.jpg\",\"contentUrl\":\"https:\\\/\\\/larouteduthe.ca\\\/wp-content\\\/uploads\\\/2025\\\/01\\\/LAcadie-Promotion.jpg\"},{\"@type\":\"BreadcrumbList\",\"@id\":\"https:\\\/\\\/larouteduthe.ca\\\/accueil\\\/promotion\\\/#breadcrumb\",\"itemListElement\":[{\"@type\":\"ListItem\",\"position\":1,\"name\":\"Accueil\",\"item\":\"https:\\\/\\\/larouteduthe.ca\\\/accueil\\\/\"},{\"@type\":\"ListItem\",\"position\":2,\"name\":\"Promotion\"}]},{\"@type\":\"WebSite\",\"@id\":\"https:\\\/\\\/larouteduthe.ca\\\/accueil\\\/#website\",\"url\":\"https:\\\/\\\/larouteduthe.ca\\\/accueil\\\/\",\"name\":\"La Route du Th\u00e9\",\"description\":\"Boutique de Th\u00e9 en ligne\",\"publisher\":{\"@id\":\"https:\\\/\\\/larouteduthe.ca\\\/accueil\\\/#organization\"},\"potentialAction\":[{\"@type\":\"SearchAction\",\"target\":{\"@type\":\"EntryPoint\",\"urlTemplate\":\"https:\\\/\\\/larouteduthe.ca\\\/accueil\\\/?s={search_term_string}\"},\"query-input\":{\"@type\":\"PropertyValueSpecification\",\"valueRequired\":true,\"valueName\":\"search_term_string\"}}],\"inLanguage\":\"fr-FR\"},{\"@type\":\"Organization\",\"@id\":\"https:\\\/\\\/larouteduthe.ca\\\/accueil\\\/#organization\",\"name\":\"La Route du Th\u00e9\",\"url\":\"https:\\\/\\\/larouteduthe.ca\\\/accueil\\\/\",\"logo\":{\"@type\":\"ImageObject\",\"inLanguage\":\"fr-FR\",\"@id\":\"https:\\\/\\\/larouteduthe.ca\\\/accueil\\\/#\\\/schema\\\/logo\\\/image\\\/\",\"url\":\"https:\\\/\\\/larouteduthe.ca\\\/wp-content\\\/uploads\\\/2021\\\/02\\\/Signature-Site-scaled.jpg\",\"contentUrl\":\"https:\\\/\\\/larouteduthe.ca\\\/wp-content\\\/uploads\\\/2021\\\/02\\\/Signature-Site-scaled.jpg\",\"width\":2560,\"height\":316,\"caption\":\"La Route du Th\u00e9\"},\"image\":{\"@id\":\"https:\\\/\\\/larouteduthe.ca\\\/accueil\\\/#\\\/schema\\\/logo\\\/image\\\/\"},\"sameAs\":[\"https:\\\/\\\/www.instagram.com\\\/la_route_du_the\\\/\"]}]}<\/script>\n<!-- \/ Yoast SEO plugin. -->","yoast_head_json":{"title":"Promotion - La Route du Th\u00e9","description":"Voici notre th\u00e9 en vedette pour le mois ! Profitez d'un rabais sur les sacs de 500g, 1kg et 2kg en utilisant nos codes secrets.","robots":{"index":"index","follow":"follow","max-snippet":"max-snippet:-1","max-image-preview":"max-image-preview:large","max-video-preview":"max-video-preview:-1"},"canonical":"https:\/\/larouteduthe.ca\/accueil\/promotion\/","og_locale":"fr_FR","og_type":"article","og_title":"Promotion - La Route du Th\u00e9","og_description":"Voici notre th\u00e9 en vedette pour le mois ! Profitez d'un rabais sur les sacs de 500g, 1kg et 2kg en utilisant nos codes secrets.","og_url":"https:\/\/larouteduthe.ca\/accueil\/promotion\/","og_site_name":"La Route du Th\u00e9","article_modified_time":"2026-04-06T04:19:54+00:00","og_image":[{"width":600,"height":800,"url":"https:\/\/larouteduthe.ca\/wp-content\/uploads\/2025\/01\/LAcadie-Promotion.jpg","type":"image\/jpeg"}],"twitter_card":"summary_large_image","twitter_misc":{"Dur\u00e9e de lecture estim\u00e9e":"1 minute"},"schema":{"@context":"https:\/\/schema.org","@graph":[{"@type":"WebPage","@id":"https:\/\/larouteduthe.ca\/accueil\/promotion\/","url":"https:\/\/larouteduthe.ca\/accueil\/promotion\/","name":"Promotion - La Route du Th\u00e9","isPartOf":{"@id":"https:\/\/larouteduthe.ca\/accueil\/#website"},"primaryImageOfPage":{"@id":"https:\/\/larouteduthe.ca\/accueil\/promotion\/#primaryimage"},"image":{"@id":"https:\/\/larouteduthe.ca\/accueil\/promotion\/#primaryimage"},"thumbnailUrl":"https:\/\/larouteduthe.ca\/wp-content\/uploads\/2025\/01\/LAcadie-Promotion.jpg","datePublished":"2021-04-25T19:40:40+00:00","dateModified":"2026-04-06T04:19:54+00:00","description":"Voici notre th\u00e9 en vedette pour le mois ! Profitez d'un rabais sur les sacs de 500g, 1kg et 2kg en utilisant nos codes secrets.","breadcrumb":{"@id":"https:\/\/larouteduthe.ca\/accueil\/promotion\/#breadcrumb"},"inLanguage":"fr-FR","potentialAction":[{"@type":"ReadAction","target":["https:\/\/larouteduthe.ca\/accueil\/promotion\/"]}]},{"@type":"ImageObject","inLanguage":"fr-FR","@id":"https:\/\/larouteduthe.ca\/accueil\/promotion\/#primaryimage","url":"https:\/\/larouteduthe.ca\/wp-content\/uploads\/2025\/01\/LAcadie-Promotion.jpg","contentUrl":"https:\/\/larouteduthe.ca\/wp-content\/uploads\/2025\/01\/LAcadie-Promotion.jpg"},{"@type":"BreadcrumbList","@id":"https:\/\/larouteduthe.ca\/accueil\/promotion\/#breadcrumb","itemListElement":[{"@type":"ListItem","position":1,"name":"Accueil","item":"https:\/\/larouteduthe.ca\/accueil\/"},{"@type":"ListItem","position":2,"name":"Promotion"}]},{"@type":"WebSite","@id":"https:\/\/larouteduthe.ca\/accueil\/#website","url":"https:\/\/larouteduthe.ca\/accueil\/","name":"La Route du Th\u00e9","description":"Boutique de Th\u00e9 en ligne","publisher":{"@id":"https:\/\/larouteduthe.ca\/accueil\/#organization"},"potentialAction":[{"@type":"SearchAction","target":{"@type":"EntryPoint","urlTemplate":"https:\/\/larouteduthe.ca\/accueil\/?s={search_term_string}"},"query-input":{"@type":"PropertyValueSpecification","valueRequired":true,"valueName":"search_term_string"}}],"inLanguage":"fr-FR"},{"@type":"Organization","@id":"https:\/\/larouteduthe.ca\/accueil\/#organization","name":"La Route du Th\u00e9","url":"https:\/\/larouteduthe.ca\/accueil\/","logo":{"@type":"ImageObject","inLanguage":"fr-FR","@id":"https:\/\/larouteduthe.ca\/accueil\/#\/schema\/logo\/image\/","url":"https:\/\/larouteduthe.ca\/wp-content\/uploads\/2021\/02\/Signature-Site-scaled.jpg","contentUrl":"https:\/\/larouteduthe.ca\/wp-content\/uploads\/2021\/02\/Signature-Site-scaled.jpg","width":2560,"height":316,"caption":"La Route du Th\u00e9"},"image":{"@id":"https:\/\/larouteduthe.ca\/accueil\/#\/schema\/logo\/image\/"},"sameAs":["https:\/\/www.instagram.com\/la_route_du_the\/"]}]}},"_links":{"self":[{"href":"https:\/\/larouteduthe.ca\/accueil\/wp-json\/wp\/v2\/pages\/2193","targetHints":{"allow":["GET"]}}],"collection":[{"href":"https:\/\/larouteduthe.ca\/accueil\/wp-json\/wp\/v2\/pages"}],"about":[{"href":"https:\/\/larouteduthe.ca\/accueil\/wp-json\/wp\/v2\/types\/page"}],"author":[{"embeddable":true,"href":"https:\/\/larouteduthe.ca\/accueil\/wp-json\/wp\/v2\/users\/1"}],"replies":[{"embeddable":true,"href":"https:\/\/larouteduthe.ca\/accueil\/wp-json\/wp\/v2\/comments?post=2193"}],"version-history":[{"count":117,"href":"https:\/\/larouteduthe.ca\/accueil\/wp-json\/wp\/v2\/pages\/2193\/revisions"}],"predecessor-version":[{"id":4573,"href":"https:\/\/larouteduthe.ca\/accueil\/wp-json\/wp\/v2\/pages\/2193\/revisions\/4573"}],"wp:attachment":[{"href":"https:\/\/larouteduthe.ca\/accueil\/wp-json\/wp\/v2\/media?parent=2193"}],"curies":[{"name":"wp","href":"https:\/\/api.w.org\/{rel}","templated":true}]}}